{"id":34,"date":"2023-03-12T23:49:29","date_gmt":"2023-03-12T23:49:29","guid":{"rendered":"https:\/\/jorgeandreu.net\/?page_id=34"},"modified":"2023-04-03T15:43:39","modified_gmt":"2023-04-03T15:43:39","slug":"teluro","status":"publish","type":"page","link":"https:\/\/jorgeandreu.net\/","title":{"rendered":"Front Page"},"content":{"rendered":"\t\t<div data-elementor-type=\"wp-page\" data-elementor-id=\"34\" class=\"elementor elementor-34\">\n\t\t\t\t\t\t\t\t\t<section class=\"elementor-section elementor-top-section elementor-element elementor-element-3b15c1a elementor-section-boxed elementor-section-height-default elementor-section-height-default\" data-id=\"3b15c1a\" data-element_type=\"section\">\n\t\t\t\t\t\t<div class=\"elementor-container elementor-column-gap-default\">\n\t\t\t\t\t<div class=\"elementor-column elementor-col-20 elementor-top-column elementor-element elementor-element-f3ae236\" data-id=\"f3ae236\" data-element_type=\"column\">\n\t\t\t<div class=\"elementor-widget-wrap elementor-element-populated\">\n\t\t\t\t\t\t\t\t<div class=\"elementor-element elementor-element-1e372ce elementor-widget elementor-widget-image\" data-id=\"1e372ce\" data-element_type=\"widget\" data-widget_type=\"image.default\">\n\t\t\t\t<div class=\"elementor-widget-container\">\n\t\t\t<style>\/*! elementor - v3.11.4 - 12-03-2023 *\/\n.elementor-widget-image{text-align:center}.elementor-widget-image a{display:inline-block}.elementor-widget-image a img[src$=\".svg\"]{width:48px}.elementor-widget-image img{vertical-align:middle;display:inline-block}<\/style>\t\t\t\t\t\t\t\t\t\t\t\t\t<a href=\"https:\/\/www.dipucadiz.es\/publicaciones\/catalogo\/Del-mar-y-sus-vestigios\">\n\t\t\t\t\t\t\t<img loading=\"lazy\" decoding=\"async\" width=\"355\" height=\"555\" src=\"https:\/\/jorgeandreu.net\/wp-content\/uploads\/2023\/03\/Delmarysusvestigios.jpg\" class=\"attachment-large size-large wp-image-116\" alt=\"Editorial: Diputaci\u00f3n de C\u00e1diz. Colecci\u00f3n Alumbre. Fecha de publicaci\u00f3n: abril de 2013\" srcset=\"https:\/\/jorgeandreu.net\/wp-content\/uploads\/2023\/03\/Delmarysusvestigios.jpg 355w, https:\/\/jorgeandreu.net\/wp-content\/uploads\/2023\/03\/Delmarysusvestigios-192x300.jpg 192w\" sizes=\"auto, (max-width: 355px) 100vw, 355px\" \/>\t\t\t\t\t\t\t\t<\/a>\n\t\t\t\t\t\t\t\t\t\t\t\t\t\t\t<\/div>\n\t\t\t\t<\/div>\n\t\t\t\t\t<\/div>\n\t\t<\/div>\n\t\t\t\t<div class=\"elementor-column elementor-col-20 elementor-top-column elementor-element elementor-element-7c9c8bd\" data-id=\"7c9c8bd\" data-element_type=\"column\">\n\t\t\t<div class=\"elementor-widget-wrap elementor-element-populated\">\n\t\t\t\t\t\t\t\t<div class=\"elementor-element elementor-element-20cae9c elementor-widget elementor-widget-image\" data-id=\"20cae9c\" data-element_type=\"widget\" data-widget_type=\"image.default\">\n\t\t\t\t<div class=\"elementor-widget-container\">\n\t\t\t\t\t\t\t\t\t\t\t\t\t\t\t\t<a href=\"https:\/\/www.edicionesenhuida.es\/producto\/la-mirada-afonica\/\">\n\t\t\t\t\t\t\t<img loading=\"lazy\" decoding=\"async\" width=\"709\" height=\"1004\" src=\"https:\/\/jorgeandreu.net\/wp-content\/uploads\/2023\/03\/MAf-PORTADA-1.png\" class=\"attachment-large size-large wp-image-550\" alt=\"\" srcset=\"https:\/\/jorgeandreu.net\/wp-content\/uploads\/2023\/03\/MAf-PORTADA-1.png 709w, https:\/\/jorgeandreu.net\/wp-content\/uploads\/2023\/03\/MAf-PORTADA-1-212x300.png 212w\" sizes=\"auto, (max-width: 709px) 100vw, 709px\" \/>\t\t\t\t\t\t\t\t<\/a>\n\t\t\t\t\t\t\t\t\t\t\t\t\t\t\t<\/div>\n\t\t\t\t<\/div>\n\t\t\t\t\t<\/div>\n\t\t<\/div>\n\t\t\t\t<div class=\"elementor-column elementor-col-20 elementor-top-column elementor-element elementor-element-0801bf8\" data-id=\"0801bf8\" data-element_type=\"column\">\n\t\t\t<div class=\"elementor-widget-wrap elementor-element-populated\">\n\t\t\t\t\t\t\t\t<div class=\"elementor-element elementor-element-5051493 elementor-widget elementor-widget-image\" data-id=\"5051493\" data-element_type=\"widget\" data-widget_type=\"image.default\">\n\t\t\t\t<div class=\"elementor-widget-container\">\n\t\t\t\t\t\t\t\t\t\t\t\t\t\t\t\t<a href=\"https:\/\/www.edicionesenhuida.es\/producto\/amor-nos-llora\/\">\n\t\t\t\t\t\t\t<img loading=\"lazy\" decoding=\"async\" width=\"721\" height=\"1004\" src=\"https:\/\/jorgeandreu.net\/wp-content\/uploads\/2023\/03\/ANLL-portada.png\" class=\"attachment-large size-large wp-image-118\" alt=\"\" srcset=\"https:\/\/jorgeandreu.net\/wp-content\/uploads\/2023\/03\/ANLL-portada.png 721w, https:\/\/jorgeandreu.net\/wp-content\/uploads\/2023\/03\/ANLL-portada-215x300.png 215w\" sizes=\"auto, (max-width: 721px) 100vw, 721px\" \/>\t\t\t\t\t\t\t\t<\/a>\n\t\t\t\t\t\t\t\t\t\t\t\t\t\t\t<\/div>\n\t\t\t\t<\/div>\n\t\t\t\t\t<\/div>\n\t\t<\/div>\n\t\t\t\t<div class=\"elementor-column elementor-col-20 elementor-top-column elementor-element elementor-element-6a4385c\" data-id=\"6a4385c\" data-element_type=\"column\">\n\t\t\t<div class=\"elementor-widget-wrap elementor-element-populated\">\n\t\t\t\t\t\t\t\t<div class=\"elementor-element elementor-element-cb3f3f6 elementor-widget elementor-widget-image\" data-id=\"cb3f3f6\" data-element_type=\"widget\" data-widget_type=\"image.default\">\n\t\t\t\t<div class=\"elementor-widget-container\">\n\t\t\t\t\t\t\t\t\t\t\t\t\t\t\t\t<a href=\"https:\/\/www.iberaediciones.com\/librariaonline\/p\/testamento-contra-el-olvido\">\n\t\t\t\t\t\t\t<img loading=\"lazy\" decoding=\"async\" width=\"500\" height=\"786\" src=\"https:\/\/jorgeandreu.net\/wp-content\/uploads\/2023\/03\/CapaEbookTestamentocontraelolvido.jpg\" class=\"attachment-large size-large wp-image-119\" alt=\"\" srcset=\"https:\/\/jorgeandreu.net\/wp-content\/uploads\/2023\/03\/CapaEbookTestamentocontraelolvido.jpg 500w, https:\/\/jorgeandreu.net\/wp-content\/uploads\/2023\/03\/CapaEbookTestamentocontraelolvido-191x300.jpg 191w\" sizes=\"auto, (max-width: 500px) 100vw, 500px\" \/>\t\t\t\t\t\t\t\t<\/a>\n\t\t\t\t\t\t\t\t\t\t\t\t\t\t\t<\/div>\n\t\t\t\t<\/div>\n\t\t\t\t\t<\/div>\n\t\t<\/div>\n\t\t\t\t<div class=\"elementor-column elementor-col-20 elementor-top-column elementor-element elementor-element-be74a15\" data-id=\"be74a15\" data-element_type=\"column\">\n\t\t\t<div class=\"elementor-widget-wrap elementor-element-populated\">\n\t\t\t\t\t\t\t\t<div class=\"elementor-element elementor-element-163006d elementor-widget elementor-widget-image\" data-id=\"163006d\" data-element_type=\"widget\" data-widget_type=\"image.default\">\n\t\t\t\t<div class=\"elementor-widget-container\">\n\t\t\t\t\t\t\t\t\t\t\t\t\t\t\t\t<a href=\"https:\/\/editorialverbum.es\/producto\/el-mundo-entero\/\">\n\t\t\t\t\t\t\t<img loading=\"lazy\" decoding=\"async\" width=\"600\" height=\"836\" src=\"https:\/\/jorgeandreu.net\/wp-content\/uploads\/2023\/03\/El-mundo-entero-1.jpg\" class=\"attachment-large size-large wp-image-120\" alt=\"\" srcset=\"https:\/\/jorgeandreu.net\/wp-content\/uploads\/2023\/03\/El-mundo-entero-1.jpg 600w, https:\/\/jorgeandreu.net\/wp-content\/uploads\/2023\/03\/El-mundo-entero-1-215x300.jpg 215w\" sizes=\"auto, (max-width: 600px) 100vw, 600px\" \/>\t\t\t\t\t\t\t\t<\/a>\n\t\t\t\t\t\t\t\t\t\t\t\t\t\t\t<\/div>\n\t\t\t\t<\/div>\n\t\t\t\t\t<\/div>\n\t\t<\/div>\n\t\t\t\t\t\t\t<\/div>\n\t\t<\/section>\n\t\t\t\t\t\t\t<\/div>\n\t\t","protected":false},"excerpt":{"rendered":"","protected":false},"author":1,"featured_media":0,"parent":0,"menu_order":0,"comment_status":"closed","ping_status":"closed","template":"page-templates\/homepage.php","meta":{"_mi_skip_tracking":false,"footnotes":""},"class_list":["post-34","page","type-page","status-publish","hentry"],"_links":{"self":[{"href":"https:\/\/jorgeandreu.net\/index.php?rest_route=\/wp\/v2\/pages\/34","targetHints":{"allow":["GET"]}}],"collection":[{"href":"https:\/\/jorgeandreu.net\/index.php?rest_route=\/wp\/v2\/pages"}],"about":[{"href":"https:\/\/jorgeandreu.net\/index.php?rest_route=\/wp\/v2\/types\/page"}],"author":[{"embeddable":true,"href":"https:\/\/jorgeandreu.net\/index.php?rest_route=\/wp\/v2\/users\/1"}],"replies":[{"embeddable":true,"href":"https:\/\/jorgeandreu.net\/index.php?rest_route=%2Fwp%2Fv2%2Fcomments&post=34"}],"version-history":[{"count":16,"href":"https:\/\/jorgeandreu.net\/index.php?rest_route=\/wp\/v2\/pages\/34\/revisions"}],"predecessor-version":[{"id":897,"href":"https:\/\/jorgeandreu.net\/index.php?rest_route=\/wp\/v2\/pages\/34\/revisions\/897"}],"wp:attachment":[{"href":"https:\/\/jorgeandreu.net\/index.php?rest_route=%2Fwp%2Fv2%2Fmedia&parent=34"}],"curies":[{"name":"wp","href":"https:\/\/api.w.org\/{rel}","templated":true}]}}