{"id":423,"date":"2023-03-14T12:01:26","date_gmt":"2023-03-14T12:01:26","guid":{"rendered":"https:\/\/jorgeandreu.net\/?page_id=423"},"modified":"2023-03-17T16:40:19","modified_gmt":"2023-03-17T16:40:19","slug":"amor-nos-llora-2018","status":"publish","type":"page","link":"https:\/\/jorgeandreu.net\/?page_id=423","title":{"rendered":"Amor nos llora (2018)"},"content":{"rendered":"\t\t<div data-elementor-type=\"wp-page\" data-elementor-id=\"423\" class=\"elementor elementor-423\">\n\t\t\t\t\t\t\t\t\t<section class=\"elementor-section elementor-top-section elementor-element elementor-element-0043a39 elementor-section-boxed elementor-section-height-default elementor-section-height-default\" data-id=\"0043a39\" data-element_type=\"section\">\n\t\t\t\t\t\t<div class=\"elementor-container elementor-column-gap-default\">\n\t\t\t\t\t<div class=\"elementor-column elementor-col-100 elementor-top-column elementor-element elementor-element-5f5c341\" data-id=\"5f5c341\" data-element_type=\"column\">\n\t\t\t<div class=\"elementor-widget-wrap elementor-element-populated\">\n\t\t\t\t\t\t\t\t<div class=\"elementor-element elementor-element-84dc77a elementor-widget elementor-widget-heading\" data-id=\"84dc77a\" data-element_type=\"widget\" data-widget_type=\"heading.default\">\n\t\t\t\t<div class=\"elementor-widget-container\">\n\t\t\t<style>\/*! elementor - v3.11.4 - 12-03-2023 *\/\n.elementor-heading-title{padding:0;margin:0;line-height:1}.elementor-widget-heading .elementor-heading-title[class*=elementor-size-]>a{color:inherit;font-size:inherit;line-height:inherit}.elementor-widget-heading .elementor-heading-title.elementor-size-small{font-size:15px}.elementor-widget-heading .elementor-heading-title.elementor-size-medium{font-size:19px}.elementor-widget-heading .elementor-heading-title.elementor-size-large{font-size:29px}.elementor-widget-heading .elementor-heading-title.elementor-size-xl{font-size:39px}.elementor-widget-heading .elementor-heading-title.elementor-size-xxl{font-size:59px}<\/style><h2 class=\"elementor-heading-title elementor-size-default\">Amor nos llora<\/h2>\t\t<\/div>\n\t\t\t\t<\/div>\n\t\t\t\t\t<\/div>\n\t\t<\/div>\n\t\t\t\t\t\t\t<\/div>\n\t\t<\/section>\n\t\t\t\t<section class=\"elementor-section elementor-top-section elementor-element elementor-element-3765441a elementor-section-content-top elementor-section-boxed elementor-section-height-default elementor-section-height-default\" data-id=\"3765441a\" data-element_type=\"section\">\n\t\t\t\t\t\t<div class=\"elementor-container elementor-column-gap-default\">\n\t\t\t\t\t<div class=\"elementor-column elementor-col-100 elementor-top-column elementor-element elementor-element-31dd1573\" data-id=\"31dd1573\" data-element_type=\"column\">\n\t\t\t<div class=\"elementor-widget-wrap elementor-element-populated\">\n\t\t\t\t\t\t\t\t<div class=\"elementor-element elementor-element-5cf1b3b9 elementor-widget elementor-widget-text-editor\" data-id=\"5cf1b3b9\" data-element_type=\"widget\" data-widget_type=\"text-editor.default\">\n\t\t\t\t<div class=\"elementor-widget-container\">\n\t\t\t<style>\/*! elementor - v3.11.4 - 12-03-2023 *\/\n.elementor-widget-text-editor.elementor-drop-cap-view-stacked .elementor-drop-cap{background-color:#818a91;color:#fff}.elementor-widget-text-editor.elementor-drop-cap-view-framed .elementor-drop-cap{color:#818a91;border:3px solid;background-color:transparent}.elementor-widget-text-editor:not(.elementor-drop-cap-view-default) .elementor-drop-cap{margin-top:8px}.elementor-widget-text-editor:not(.elementor-drop-cap-view-default) .elementor-drop-cap-letter{width:1em;height:1em}.elementor-widget-text-editor .elementor-drop-cap{float:left;text-align:center;line-height:1;font-size:50px}.elementor-widget-text-editor .elementor-drop-cap-letter{display:inline-block}<\/style>\t\t\t\t<p style=\"text-align: justify;\"><em><a href=\"https:\/\/www.edicionesenhuida.es\/producto\/amor-nos-llora\/\"><img loading=\"lazy\" decoding=\"async\" class=\"size-medium wp-image-118 alignright\" src=\"https:\/\/jorgeandreu.net\/wp-content\/uploads\/2023\/03\/ANLL-portada-215x300.png\" alt=\"\" width=\"215\" height=\"300\" srcset=\"https:\/\/jorgeandreu.net\/wp-content\/uploads\/2023\/03\/ANLL-portada-215x300.png 215w, https:\/\/jorgeandreu.net\/wp-content\/uploads\/2023\/03\/ANLL-portada.png 721w\" sizes=\"auto, (max-width: 215px) 100vw, 215px\" \/><\/a>Amor nos llora<\/em> (2018) es el cuarto libro de poemas de Jorge Andreu, en el que la tem\u00e1tica amorosa vuelve a ocupar el papel principal. Los poemas, a caballo entre el verso libre y estrofas cl\u00e1sicas, forman un tratado sobre el amor visto desde cuatro perspectivas diferentes: el amor adolescente, el amor pasional, el amor conyugal y el amor despu\u00e9s de la muerte. Estructurado en cuatro movimientos al estilo de una sinfon\u00eda cl\u00e1sica, cada uno de los cuales ostenta un ritmo diferente, y con intermezzos donde la voz po\u00e9tica adquiere un tinte autobiogr\u00e1fico, el libro sugiere una evoluci\u00f3n del amor en distintas perspectivas que se complementan entre s\u00ed para terminar en un recuerdo grabado sobre un \u00e1rbol.<\/p><p style=\"text-align: justify;\">La palabra equilibrada, el juego r\u00edtmico y la variedad de tonos caracterizan este libro de amor que es m\u00e1s que eso: una reflexi\u00f3n sobre el poder de la palabra para nombrar los momentos m\u00e1s \u00edntimos del ser humano, una interpretaci\u00f3n del mundo a trav\u00e9s de los ojos del enamorado, una b\u00fasqueda de sentido m\u00e1s all\u00e1 de los propios sentimientos, a veces contradictorios, que conjugan el enamoramiento, el asentamiento de la felicidad conyugal y el recuerdo de seres queridos m\u00e1s all\u00e1 de la muerte.<\/p>\t\t\t\t\t\t<\/div>\n\t\t\t\t<\/div>\n\t\t\t\t\t<\/div>\n\t\t<\/div>\n\t\t\t\t\t\t\t<\/div>\n\t\t<\/section>\n\t\t\t\t<section class=\"elementor-section elementor-top-section elementor-element elementor-element-edce287 elementor-section-boxed elementor-section-height-default elementor-section-height-default\" data-id=\"edce287\" data-element_type=\"section\">\n\t\t\t\t\t\t<div class=\"elementor-container elementor-column-gap-default\">\n\t\t\t\t\t<div class=\"elementor-column elementor-col-100 elementor-top-column elementor-element elementor-element-c183152\" data-id=\"c183152\" data-element_type=\"column\">\n\t\t\t<div class=\"elementor-widget-wrap elementor-element-populated\">\n\t\t\t\t\t\t\t\t<div class=\"elementor-element elementor-element-f87e9e7 elementor-widget elementor-widget-text-editor\" data-id=\"f87e9e7\" data-element_type=\"widget\" data-widget_type=\"text-editor.default\">\n\t\t\t\t<div class=\"elementor-widget-container\">\n\t\t\t\t\t\t\t<p style=\"text-align: justify;\">Si quieres adquirir este libro y no lo encuentras en librer\u00edas, escribe un email a <strong>contacto@jorgeandreu.net<\/strong> indicando tu nombre y direcci\u00f3n. \u00a1Te lo enviaremos a domicilio con dedicatoria del autor!<\/p>\t\t\t\t\t\t<\/div>\n\t\t\t\t<\/div>\n\t\t\t\t\t<\/div>\n\t\t<\/div>\n\t\t\t\t\t\t\t<\/div>\n\t\t<\/section>\n\t\t\t\t<section class=\"elementor-section elementor-top-section elementor-element elementor-element-5d9fe62 elementor-section-boxed elementor-section-height-default elementor-section-height-default\" data-id=\"5d9fe62\" data-element_type=\"section\">\n\t\t\t\t\t\t<div class=\"elementor-container elementor-column-gap-default\">\n\t\t\t\t\t<div class=\"elementor-column elementor-col-33 elementor-top-column elementor-element elementor-element-b1c07ec\" data-id=\"b1c07ec\" data-element_type=\"column\">\n\t\t\t<div class=\"elementor-widget-wrap elementor-element-populated\">\n\t\t\t\t\t\t\t\t<div class=\"elementor-element elementor-element-55bdbae elementor-widget elementor-widget-text-editor\" data-id=\"55bdbae\" data-element_type=\"widget\" data-widget_type=\"text-editor.default\">\n\t\t\t\t<div class=\"elementor-widget-container\">\n\t\t\t\t\t\t\t<p style=\"text-align: center;\"><strong>AMOR NOS LLORA<\/strong><\/p><p style=\"text-align: left;\">Vente conmigo <br \/>a descubrir el tacto de tus manos.<\/p><p style=\"text-align: left;\">Te mostrar\u00e9 las llagas<br \/>de los amantes en su piel herida <br \/>por la m\u00fasica ronca de los cuerpos.<\/p><p style=\"text-align: left;\">Sobre mi desnudez <br \/>encontrar\u00e1s las huellas de tus ojos,<br \/>dos gotas de roc\u00edo.<\/p><p style=\"text-align: left;\">Y si el amor nos llora, <br \/>bucea en sus ocultas armon\u00edas: <br \/>como un viol\u00edn desafinado, <br \/>trata de hallar cobijo bajo la sombra de sus alas <br \/>para alcanzar el tono de tu canci\u00f3n secreta, <br \/>el un\u00edsono ardiente de los besos <br \/>robados a la noche.<\/p><p style=\"text-align: left;\">Ellas te aliviar\u00e1n del fr\u00edo <br \/>con su c\u00e1lido abrazo protector<br \/>cuando apriete la sed.<\/p><p>\u00a0<\/p><p style=\"text-align: left;\"><strong>AMOR (O SUS FRONTERAS)<\/strong><\/p><p style=\"text-align: left;\">Hall\u00f3 su nombre junto al apellido.<\/p><p style=\"text-align: left;\">La esquina del pupitre guardaba un coraz\u00f3n <br \/>azul como las clases<\/p><p style=\"text-align: right;\">de F\u00edsica<\/p><p style=\"text-align: left;\">y, rojo cielo a la hora del estudio, <br \/>un nombre de exiliado sobre una flecha ardiente.<\/p><p style=\"text-align: left;\">Ninguna palabra, s\u00f3lo silencio: <br \/>el \u00e1spero murmullo<br \/>de la lecci\u00f3n de gravedad <br \/>en la voz instintiva <br \/>y en la pizarra.<\/p><p style=\"text-align: right;\">Cae un l\u00e1piz<\/p><p style=\"text-align: left;\">y se estremece el aire <br \/>marcando la frontera de los cuerpos.<\/p><p style=\"text-align: left;\">Nadie dir\u00eda <br \/>de la extra\u00f1a raz\u00f3n que lo conmueve <br \/>cuando ella roza su chaqueta <br \/>y el pelo le acaricia la inquietud <br \/>y se aproxima su palabra: <br \/>\u00abse te ha ca\u00eddo, toma\u00bb.<\/p><p style=\"text-align: left;\">(Ese gesto <br \/>de entusiasmado olor a soledad <br \/>endulzar\u00e1 las f\u00f3rmulas<br \/>al abrigo de la merienda.<br \/>Porque menos se han dicho por las tardes <br \/>quienes se miran a los ojos.)<\/p><p style=\"text-align: left;\">Un timbre resucita el fin de la jornada <br \/>y el l\u00e1piz corre airoso a agradecer <br \/>la cercan\u00eda inquieta de esa voz <br \/>y de su mano.<\/p><p style=\"text-align: left;\">La chica con un nombre y apellido <br \/>que puebla los finales <br \/>de sus cuadernos.<\/p>\t\t\t\t\t\t<\/div>\n\t\t\t\t<\/div>\n\t\t\t\t\t<\/div>\n\t\t<\/div>\n\t\t\t\t<div class=\"elementor-column elementor-col-66 elementor-top-column elementor-element elementor-element-390a96e\" data-id=\"390a96e\" data-element_type=\"column\">\n\t\t\t<div class=\"elementor-widget-wrap elementor-element-populated\">\n\t\t\t\t\t\t\t\t<div class=\"elementor-element elementor-element-ff91b6a elementor-widget elementor-widget-text-editor\" data-id=\"ff91b6a\" data-element_type=\"widget\" data-widget_type=\"text-editor.default\">\n\t\t\t\t<div class=\"elementor-widget-container\">\n\t\t\t\t\t\t\t<p style=\"text-align: center;\"><strong>LA CARICIA INCOMPLETA<\/strong><\/p><p style=\"text-align: right;\"><em>Combla-t-il sur ta chair inerte et complaisante <\/em><br \/><em>l\u2019immensit\u00e9 de son d\u00e9sir?<\/em><\/p><p style=\"text-align: right;\">CHARLES BAUDELAIRE<\/p><p style=\"text-align: left;\">Esa manta del color de la tierra, <br \/>tan \u00e1spera como la piel de los frutos maduros, <br \/>\u00bfpor qu\u00e9 ya no se mueve, dime, amor, <br \/>con tus latidos?<\/p><p style=\"text-align: right;\">El aire congela<\/p><p style=\"text-align: left;\">los cuerpos convocados en la noche desierta de palabras.<br \/>Le duele la respiraci\u00f3n de contemplar el blanco gesto ausente <br \/>mientras posa una mano de u\u00f1as tristes <br \/>sobre la barba quieta que ayer se contra\u00eda.<br \/>Caricia sin retorno, se ondula por los labios, <br \/>por la nariz helada, por la frente, <br \/>y se ampara en los p\u00e1rpados, buscando bajo el iris<br \/>la inmensidad de su deseo.<\/p><p style=\"text-align: left;\">Ya no late su sue\u00f1o con la fuerza del mar enfurecido, <br \/>s\u00f3lo la arena que aguardaba paciente el ba\u00f1o de las olas.<br \/>Ya no hay besos en c\u00edrculo por la orilla mojada.<\/p><p style=\"text-align: left;\">El mar se cobra en su reflujo perenne los escombros del dolor.<\/p><p style=\"text-align: left;\">Su mirada es ahora un espejo sin fondo. <br \/>Su tez, un terreno bald\u00edo<br \/>donde el amor se extingue sin remedio <br \/>en esa mueca fr\u00eda de eterna indiferencia.<\/p><p>\u00a0<\/p><p style=\"text-align: center;\"><strong>ATARDECER RISUE\u00d1O<\/strong><\/p><p style=\"text-align: left;\">Cuando la luz se funde adormecida<br \/>por dejar en su rastro el alma oscura,<br \/>cada minuto sue\u00f1o tu hermosura<br \/>bajo el signo secreto de una herida<\/p><p style=\"text-align: left;\">sin cicatriz, abierta y esparcida <br \/>en tu palabra intensamente pura,<br \/>mientras mi cuerpo arropas de ternura<br \/>para alegrar las noches de mi vida,<\/p><p style=\"text-align: left;\">me regalas el m\u00e1gico destello <br \/>de la luna radiante y en su llama <br \/>tu danzarina voz para ser fuerte,<\/p><p style=\"text-align: left;\">y esparciendo mil besos por mi cuello<br \/>tu ardiente melod\u00eda se derrama <br \/>sobre mis labios fieros de quererte.<\/p><p>\u00a0<\/p><p style=\"text-align: left;\"><strong>MENSAJER\u00cdA<\/strong><\/p><p style=\"text-align: left;\">Entre infelices pasos <br \/>devuelve la ciudad un eco af\u00f3nico <br \/>de caras sin identidad: <br \/>siempre la misma indiferencia, siempre <br \/>la misma direcci\u00f3n, sin sentimientos.<\/p><p style=\"text-align: left;\">Suenan a m\u00fasica gastada, <br \/>a pisadas sin ritmo, a caminantes <br \/>sin ganas de cantar.<\/p><p style=\"text-align: left;\">El amor ya no existe <br \/>en este ed\u00e9n sin rumbo donde el aire, <br \/>paloma mensajera, <br \/>transmite los vanos afectos <br \/>de un terminal a otro.<\/p><p style=\"text-align: left;\">No hay voz en esos mensajes oblicuos <br \/>por el campo de minas de la ciudad sitiada.<\/p><p style=\"text-align: left;\">El texto es un desierto de emociones vac\u00edas.<\/p>\t\t\t\t\t\t<\/div>\n\t\t\t\t<\/div>\n\t\t\t\t\t<\/div>\n\t\t<\/div>\n\t\t\t\t\t\t\t<\/div>\n\t\t<\/section>\n\t\t\t\t\t\t\t<\/div>\n\t\t","protected":false},"excerpt":{"rendered":"<p>Amor nos llora Amor nos llora (2018) es el cuarto libro de poemas de Jorge Andreu, en el que la tem\u00e1tica amorosa vuelve a ocupar el papel principal. Los poemas, a caballo entre el verso libre y estrofas cl\u00e1sicas, forman un tratado sobre el amor visto desde cuatro perspectivas diferentes: el amor adolescente, el amor [&hellip;]<\/p>\n","protected":false},"author":1,"featured_media":0,"parent":0,"menu_order":0,"comment_status":"closed","ping_status":"closed","template":"","meta":{"_mi_skip_tracking":false,"footnotes":""},"class_list":["post-423","page","type-page","status-publish","hentry"],"_links":{"self":[{"href":"https:\/\/jorgeandreu.net\/index.php?rest_route=\/wp\/v2\/pages\/423","targetHints":{"allow":["GET"]}}],"collection":[{"href":"https:\/\/jorgeandreu.net\/index.php?rest_route=\/wp\/v2\/pages"}],"about":[{"href":"https:\/\/jorgeandreu.net\/index.php?rest_route=\/wp\/v2\/types\/page"}],"author":[{"embeddable":true,"href":"https:\/\/jorgeandreu.net\/index.php?rest_route=\/wp\/v2\/users\/1"}],"replies":[{"embeddable":true,"href":"https:\/\/jorgeandreu.net\/index.php?rest_route=%2Fwp%2Fv2%2Fcomments&post=423"}],"version-history":[{"count":17,"href":"https:\/\/jorgeandreu.net\/index.php?rest_route=\/wp\/v2\/pages\/423\/revisions"}],"predecessor-version":[{"id":816,"href":"https:\/\/jorgeandreu.net\/index.php?rest_route=\/wp\/v2\/pages\/423\/revisions\/816"}],"wp:attachment":[{"href":"https:\/\/jorgeandreu.net\/index.php?rest_route=%2Fwp%2Fv2%2Fmedia&parent=423"}],"curies":[{"name":"wp","href":"https:\/\/api.w.org\/{rel}","templated":true}]}}