{"id":426,"date":"2023-03-14T12:01:26","date_gmt":"2023-03-14T12:01:26","guid":{"rendered":"https:\/\/jorgeandreu.net\/?page_id=426"},"modified":"2023-03-15T18:28:46","modified_gmt":"2023-03-15T18:28:46","slug":"el-mundo-entero-2022","status":"publish","type":"page","link":"https:\/\/jorgeandreu.net\/?page_id=426","title":{"rendered":"El mundo entero (2022)"},"content":{"rendered":"\t\t<div data-elementor-type=\"wp-page\" data-elementor-id=\"426\" class=\"elementor elementor-426\">\n\t\t\t\t\t\t\t\t\t<section class=\"elementor-section elementor-top-section elementor-element elementor-element-7544bb9 elementor-section-boxed elementor-section-height-default elementor-section-height-default\" data-id=\"7544bb9\" data-element_type=\"section\">\n\t\t\t\t\t\t<div class=\"elementor-container elementor-column-gap-default\">\n\t\t\t\t\t<div class=\"elementor-column elementor-col-100 elementor-top-column elementor-element elementor-element-0234aed\" data-id=\"0234aed\" data-element_type=\"column\">\n\t\t\t<div class=\"elementor-widget-wrap elementor-element-populated\">\n\t\t\t\t\t\t\t\t<div class=\"elementor-element elementor-element-45b4fff elementor-widget elementor-widget-heading\" data-id=\"45b4fff\" data-element_type=\"widget\" data-widget_type=\"heading.default\">\n\t\t\t\t<div class=\"elementor-widget-container\">\n\t\t\t<style>\/*! elementor - v3.11.4 - 12-03-2023 *\/\n.elementor-heading-title{padding:0;margin:0;line-height:1}.elementor-widget-heading .elementor-heading-title[class*=elementor-size-]>a{color:inherit;font-size:inherit;line-height:inherit}.elementor-widget-heading .elementor-heading-title.elementor-size-small{font-size:15px}.elementor-widget-heading .elementor-heading-title.elementor-size-medium{font-size:19px}.elementor-widget-heading .elementor-heading-title.elementor-size-large{font-size:29px}.elementor-widget-heading .elementor-heading-title.elementor-size-xl{font-size:39px}.elementor-widget-heading .elementor-heading-title.elementor-size-xxl{font-size:59px}<\/style><h2 class=\"elementor-heading-title elementor-size-large\">El mundo entero <\/h2>\t\t<\/div>\n\t\t\t\t<\/div>\n\t\t\t\t\t<\/div>\n\t\t<\/div>\n\t\t\t\t\t\t\t<\/div>\n\t\t<\/section>\n\t\t\t\t<section class=\"elementor-section elementor-top-section elementor-element elementor-element-a9fec10 elementor-section-boxed elementor-section-height-default elementor-section-height-default\" data-id=\"a9fec10\" data-element_type=\"section\">\n\t\t\t\t\t\t<div class=\"elementor-container elementor-column-gap-default\">\n\t\t\t\t\t<div class=\"elementor-column elementor-col-66 elementor-top-column elementor-element elementor-element-c9cb924\" data-id=\"c9cb924\" data-element_type=\"column\">\n\t\t\t<div class=\"elementor-widget-wrap elementor-element-populated\">\n\t\t\t\t\t\t\t\t<div class=\"elementor-element elementor-element-f5affc6 elementor-widget elementor-widget-text-editor\" data-id=\"f5affc6\" data-element_type=\"widget\" data-widget_type=\"text-editor.default\">\n\t\t\t\t<div class=\"elementor-widget-container\">\n\t\t\t<style>\/*! elementor - v3.11.4 - 12-03-2023 *\/\n.elementor-widget-text-editor.elementor-drop-cap-view-stacked .elementor-drop-cap{background-color:#818a91;color:#fff}.elementor-widget-text-editor.elementor-drop-cap-view-framed .elementor-drop-cap{color:#818a91;border:3px solid;background-color:transparent}.elementor-widget-text-editor:not(.elementor-drop-cap-view-default) .elementor-drop-cap{margin-top:8px}.elementor-widget-text-editor:not(.elementor-drop-cap-view-default) .elementor-drop-cap-letter{width:1em;height:1em}.elementor-widget-text-editor .elementor-drop-cap{float:left;text-align:center;line-height:1;font-size:50px}.elementor-widget-text-editor .elementor-drop-cap-letter{display:inline-block}<\/style>\t\t\t\t<p style=\"text-align: justify;\"><a href=\"https:\/\/editorialverbum.es\/producto\/el-mundo-entero\/\"><img loading=\"lazy\" decoding=\"async\" class=\"size-medium wp-image-120 alignright\" src=\"https:\/\/jorgeandreu.net\/wp-content\/uploads\/2023\/03\/El-mundo-entero-1-215x300.jpg\" alt=\"\" width=\"215\" height=\"300\" srcset=\"https:\/\/jorgeandreu.net\/wp-content\/uploads\/2023\/03\/El-mundo-entero-1-215x300.jpg 215w, https:\/\/jorgeandreu.net\/wp-content\/uploads\/2023\/03\/El-mundo-entero-1.jpg 600w\" sizes=\"auto, (max-width: 215px) 100vw, 215px\" \/><\/a>La vida apacible de un ni\u00f1o de ocho a\u00f1os sufre un giro repentino cuando descubre que hay preguntas cuyas respuestas no est\u00e1n claras. Sus d\u00edas transcurren entre sesiones de Aikido, videojuegos y meriendas con sus amigos, hasta que otro ni\u00f1o se interpone en su camino, rompiendo de golpe toda la estabilidad, como una caja de pastas estrellada contra el suelo. Comienza as\u00ed una guerra silenciosa entre una personalidad t\u00edmida y la necesidad de afrontar los problemas del colegio, entre la fidelidad a los amigos y la justicia ante las humillaciones, entre el amor m\u00e1s inocente y el sexo apenas entrevisto. A lo largo de esta novela llena de ternura, risas juguetonas y traiciones, el protagonista experimentar\u00e1 los secretos de la vida adulta desde una visi\u00f3n a caballo entre la infancia y la preadolescencia, haciendo del camino por recorrer una senda de opciones m\u00faltiples y asistiendo a ese momento cr\u00edtico de toda vida humana que es el final de la infancia.<\/p>\n<p style=\"text-align: justify;\">Novela ganadora del <strong>VIII Premio Internacional de Narrativa \u00abNovelas Ejemplares\u00bb &#8211; UCLM 2022<\/strong>, <em>El mundo entero<\/em> es, en palabras del jurado,&nbsp;\u00abuna <em>nouvelle<\/em> de gran y sutil complejidad dramat\u00fargica, que radiograf\u00eda de forma certera y ecu\u00e1nime esa zona lim\u00edtrofe entre la infancia y la preadolescencia. Se trata de un sugestivo ejercicio de narraci\u00f3n que explora el \u00e1mbito \u00edntimo de los adultos, el rol de los abuelos en la educaci\u00f3n sentimental, as\u00ed como los primeros resortes que mueven la amistad y el descubrimiento del sexo en la Espa\u00f1a de provincias a fines del siglo XX a medio camino entre lo anal\u00f3gico y lo digital (\u2026). Tal vez el mayor acierto de <em>El mundo entero<\/em> sea el de reivindicar la ternura como fuente de valiosos aprendizajes, sin alardes lacrim\u00f3genos, desde la sencillez y la eficacia narrativa\u00bb.<\/p>\t\t\t\t\t\t<\/div>\n\t\t\t\t<\/div>\n\t\t\t\t\t<\/div>\n\t\t<\/div>\n\t\t\t\t<div class=\"elementor-column elementor-col-33 elementor-top-column elementor-element elementor-element-561bd47\" data-id=\"561bd47\" data-element_type=\"column\">\n\t\t\t<div class=\"elementor-widget-wrap\">\n\t\t\t\t\t\t\t\t\t<\/div>\n\t\t<\/div>\n\t\t\t\t\t\t\t<\/div>\n\t\t<\/section>\n\t\t\t\t\t\t\t<\/div>\n\t\t","protected":false},"excerpt":{"rendered":"<p>El mundo entero La vida apacible de un ni\u00f1o de ocho a\u00f1os sufre un giro repentino cuando descubre que hay preguntas cuyas respuestas no est\u00e1n claras. Sus d\u00edas transcurren entre sesiones de Aikido, videojuegos y meriendas con sus amigos, hasta que otro ni\u00f1o se interpone en su camino, rompiendo de golpe toda la estabilidad, como [&hellip;]<\/p>\n","protected":false},"author":1,"featured_media":0,"parent":0,"menu_order":0,"comment_status":"closed","ping_status":"closed","template":"","meta":{"_mi_skip_tracking":false,"footnotes":""},"class_list":["post-426","page","type-page","status-publish","hentry"],"_links":{"self":[{"href":"https:\/\/jorgeandreu.net\/index.php?rest_route=\/wp\/v2\/pages\/426","targetHints":{"allow":["GET"]}}],"collection":[{"href":"https:\/\/jorgeandreu.net\/index.php?rest_route=\/wp\/v2\/pages"}],"about":[{"href":"https:\/\/jorgeandreu.net\/index.php?rest_route=\/wp\/v2\/types\/page"}],"author":[{"embeddable":true,"href":"https:\/\/jorgeandreu.net\/index.php?rest_route=\/wp\/v2\/users\/1"}],"replies":[{"embeddable":true,"href":"https:\/\/jorgeandreu.net\/index.php?rest_route=%2Fwp%2Fv2%2Fcomments&post=426"}],"version-history":[{"count":19,"href":"https:\/\/jorgeandreu.net\/index.php?rest_route=\/wp\/v2\/pages\/426\/revisions"}],"predecessor-version":[{"id":765,"href":"https:\/\/jorgeandreu.net\/index.php?rest_route=\/wp\/v2\/pages\/426\/revisions\/765"}],"wp:attachment":[{"href":"https:\/\/jorgeandreu.net\/index.php?rest_route=%2Fwp%2Fv2%2Fmedia&parent=426"}],"curies":[{"name":"wp","href":"https:\/\/api.w.org\/{rel}","templated":true}]}}