{"id":68,"date":"2023-03-13T09:39:35","date_gmt":"2023-03-13T09:39:35","guid":{"rendered":"https:\/\/jorgeandreu.net\/?page_id=68"},"modified":"2025-01-02T09:23:37","modified_gmt":"2025-01-02T09:23:37","slug":"obra","status":"publish","type":"page","link":"https:\/\/jorgeandreu.net\/?page_id=68","title":{"rendered":"Biograf\u00eda"},"content":{"rendered":"<div class=\"style-805 style-local-68-c1 position-relative\" data-colibri-id=\"68-c1\">\n<div id=\"initial-content\" class=\"h-section h-section-global-spacing d-flex align-items-lg-center align-items-md-center align-items-center style-806 style-local-68-c2 position-relative\" data-colibri-component=\"section\" data-colibri-id=\"68-c2\">\n<div class=\"h-section-grid-container h-section-boxed-container\">\n<div class=\"h-row-container gutters-row-lg-2 gutters-row-md-2 gutters-row-0 gutters-row-v-lg-2 gutters-row-v-md-2 gutters-row-v-2 style-807 style-local-68-c3 position-relative\" data-colibri-id=\"68-c3\">\n<div class=\"h-row justify-content-lg-center justify-content-md-center justify-content-center align-items-lg-stretch align-items-md-stretch align-items-stretch gutters-col-lg-2 gutters-col-md-2 gutters-col-0 gutters-col-v-lg-2 gutters-col-v-md-2 gutters-col-v-2\">\n<div class=\"h-column h-column-container d-flex h-col-lg-auto h-col-md-auto h-col-auto style-808-outer style-local-68-c4-outer\">\n<div class=\"d-flex h-flex-basis h-column__inner h-px-lg-2 h-px-md-2 h-px-2 v-inner-lg-2 v-inner-md-2 v-inner-2 style-808 style-local-68-c4 position-relative\" data-colibri-id=\"68-c4\">\n<div class=\"w-100 h-y-container h-column__content h-column__v-align flex-basis-100 align-self-lg-start align-self-md-start align-self-start\">\n<div class=\"style-809 style-local-68-c5 position-relative h-element\" data-colibri-id=\"68-c5\">\n<p style=\"text-align: justify;\">Jorge Andreu naci\u00f3 en C\u00e1diz el 24 de abril de 1990. Su infancia transcurri\u00f3 en Puerto Real, un pueblo a diez kil\u00f3metros, donde curs\u00f3 los estudios de primaria y secundaria. En el a\u00f1o 2008, terminado el Bachillerato, ingres\u00f3 en la Universidad de C\u00e1diz para cursar la Licenciatura en Filolog\u00eda Hisp\u00e1nica, mientras paralelamente terminaba sus estudios en Grado Profesional de Piano por el Real Conservatorio Profesional de M\u00fasica \u00abManuel de Falla\u00bb (C\u00e1diz). Terminados los estudios de filolog\u00eda en 2013, curs\u00f3 un M\u00e1ster en Estudios Hisp\u00e1nicos en la Universidad de C\u00e1diz. El a\u00f1o siguiente obtuvo el t\u00edtulo de M\u00e1ster en Educaci\u00f3n Secundaria por la Universidad Camilo Jos\u00e9 Cela para ejercer como profesor de Lengua Castellana y Literatura. Su formaci\u00f3n acad\u00e9mica se complet\u00f3 en 2018 con el M\u00e1ster en Estudios Avanzados de Literatura Espa\u00f1ola e Hispanoamericana por la Universidad Internacional de Barcelona. Ese mismo a\u00f1o obtuvo su plaza en el Cuerpo de Profesores de Ense\u00f1anza Secundaria, donde en la actualidad desempe\u00f1a su labor profesional. Su formaci\u00f3n acad\u00e9mica contin\u00faa en 2025 con el Grado en Filosof\u00eda por la UNED.<\/p>\n<p style=\"text-align: justify;\">Como escritor ha publicado los libros de poemas <em>100 versos de amor<\/em> (2012, XXXVIII Premio Mar\u00eda Agustina de Poes\u00eda), <em>Del mar y sus vestigios<\/em> (2013), <em>La mirada af\u00f3nica<\/em> (2016) y <em>Amor nos llora<\/em> (2018), as\u00ed como las novelas <em>Testamento contra el olvido<\/em> (2022) y <em>El mundo entero<\/em> (2022, VIII Premio Internacional de Narrativa \u00abNovelas Ejemplares\u00bb &#8211; UCLM 2022). Ha participado en numerosos vol\u00famenes de cr\u00edtica literaria con estudios sobre la obra de Jos\u00e9 Hierro, Juan Bonilla o Luis Landero, entre otros, as\u00ed como en las revistas <em>Libr\u00fajula<\/em> y <em>El coloquio de los perros<\/em> con rese\u00f1as literarias. Su relato \u00abHistoria de un desecho\u00bb apareci\u00f3 en el n\u00famero 8 de la revista literaria <em>Calle del Aire<\/em>. En diciembre de 2024, result\u00f3 ganador del segundo premio en el XII Concurso Nacional de Relatos \u00abAlberto Fern\u00e1ndez Ballesteros\u00bb con el relato \u00abTodas estas hormigas\u00bb.<\/p>\n\n<\/div>\n<\/div>\n<\/div>\n<\/div>\n<div class=\"h-column h-column-container d-flex h-col-lg-auto h-col-md-auto h-col-auto style-866-outer style-local-68-c6-outer\">\n<div class=\"d-flex h-flex-basis h-column__inner h-ui-empty-state-container h-px-lg-2 h-px-md-2 h-px-2 v-inner-lg-2 v-inner-md-2 v-inner-2 style-866 style-local-68-c6 position-relative\" data-colibri-id=\"68-c6\">\n<div class=\"w-100 h-y-container h-column__content h-column__v-align flex-basis-100\"><\/div>\n<\/div>\n<\/div>\n<\/div>\n<\/div>\n<\/div>\n<\/div>\n<\/div>","protected":false},"excerpt":{"rendered":"<p>Jorge Andreu naci\u00f3 en C\u00e1diz el 24 de abril de 1990. Su infancia transcurri\u00f3 en Puerto Real, un pueblo a diez kil\u00f3metros, donde curs\u00f3 los estudios de primaria y secundaria. En el a\u00f1o 2008, terminado el Bachillerato, ingres\u00f3 en la Universidad de C\u00e1diz para cursar la Licenciatura en Filolog\u00eda Hisp\u00e1nica, mientras paralelamente terminaba sus estudios [&hellip;]<\/p>\n","protected":false},"author":1,"featured_media":0,"parent":0,"menu_order":0,"comment_status":"closed","ping_status":"closed","template":"page-templates\/full-width-page.php","meta":{"_mi_skip_tracking":false,"footnotes":""},"class_list":["post-68","page","type-page","status-publish","hentry"],"_links":{"self":[{"href":"https:\/\/jorgeandreu.net\/index.php?rest_route=\/wp\/v2\/pages\/68","targetHints":{"allow":["GET"]}}],"collection":[{"href":"https:\/\/jorgeandreu.net\/index.php?rest_route=\/wp\/v2\/pages"}],"about":[{"href":"https:\/\/jorgeandreu.net\/index.php?rest_route=\/wp\/v2\/types\/page"}],"author":[{"embeddable":true,"href":"https:\/\/jorgeandreu.net\/index.php?rest_route=\/wp\/v2\/users\/1"}],"replies":[{"embeddable":true,"href":"https:\/\/jorgeandreu.net\/index.php?rest_route=%2Fwp%2Fv2%2Fcomments&post=68"}],"version-history":[{"count":9,"href":"https:\/\/jorgeandreu.net\/index.php?rest_route=\/wp\/v2\/pages\/68\/revisions"}],"predecessor-version":[{"id":907,"href":"https:\/\/jorgeandreu.net\/index.php?rest_route=\/wp\/v2\/pages\/68\/revisions\/907"}],"wp:attachment":[{"href":"https:\/\/jorgeandreu.net\/index.php?rest_route=%2Fwp%2Fv2%2Fmedia&parent=68"}],"curies":[{"name":"wp","href":"https:\/\/api.w.org\/{rel}","templated":true}]}}