{"id":69,"date":"2023-03-13T09:39:35","date_gmt":"2023-03-13T09:39:35","guid":{"rendered":"https:\/\/jorgeandreu.net\/?page_id=69"},"modified":"2023-03-19T22:10:55","modified_gmt":"2023-03-19T22:10:55","slug":"prensa","status":"publish","type":"page","link":"https:\/\/jorgeandreu.net\/?page_id=69","title":{"rendered":"Prensa"},"content":{"rendered":"\t\t<div data-elementor-type=\"wp-page\" data-elementor-id=\"69\" class=\"elementor elementor-69\">\n\t\t\t\t\t\t\t\t\t<section class=\"elementor-section elementor-top-section elementor-element elementor-element-016a591 elementor-section-boxed elementor-section-height-default elementor-section-height-default\" data-id=\"016a591\" data-element_type=\"section\">\n\t\t\t\t\t\t<div class=\"elementor-container elementor-column-gap-default\">\n\t\t\t\t\t<div class=\"elementor-column elementor-col-100 elementor-top-column elementor-element elementor-element-2e772bc\" data-id=\"2e772bc\" data-element_type=\"column\">\n\t\t\t<div class=\"elementor-widget-wrap elementor-element-populated\">\n\t\t\t\t\t\t\t\t<div class=\"elementor-element elementor-element-2510b80 elementor-widget elementor-widget-heading\" data-id=\"2510b80\" data-element_type=\"widget\" data-widget_type=\"heading.default\">\n\t\t\t\t<div class=\"elementor-widget-container\">\n\t\t\t<style>\/*! elementor - v3.11.4 - 12-03-2023 *\/\n.elementor-heading-title{padding:0;margin:0;line-height:1}.elementor-widget-heading .elementor-heading-title[class*=elementor-size-]>a{color:inherit;font-size:inherit;line-height:inherit}.elementor-widget-heading .elementor-heading-title.elementor-size-small{font-size:15px}.elementor-widget-heading .elementor-heading-title.elementor-size-medium{font-size:19px}.elementor-widget-heading .elementor-heading-title.elementor-size-large{font-size:29px}.elementor-widget-heading .elementor-heading-title.elementor-size-xl{font-size:39px}.elementor-widget-heading .elementor-heading-title.elementor-size-xxl{font-size:59px}<\/style><h3 class=\"elementor-heading-title elementor-size-default\">La cr\u00edtica literaria ha dicho...<\/h3>\t\t<\/div>\n\t\t\t\t<\/div>\n\t\t\t\t\t<\/div>\n\t\t<\/div>\n\t\t\t\t\t\t\t<\/div>\n\t\t<\/section>\n\t\t\t\t<section class=\"elementor-section elementor-top-section elementor-element elementor-element-81898b4 elementor-section-boxed elementor-section-height-default elementor-section-height-default\" data-id=\"81898b4\" data-element_type=\"section\">\n\t\t\t\t\t\t<div class=\"elementor-container elementor-column-gap-default\">\n\t\t\t\t\t<div class=\"elementor-column elementor-col-100 elementor-top-column elementor-element elementor-element-9050f86\" data-id=\"9050f86\" data-element_type=\"column\">\n\t\t\t<div class=\"elementor-widget-wrap elementor-element-populated\">\n\t\t\t\t\t\t\t\t<div class=\"elementor-element elementor-element-0508340 elementor-widget elementor-widget-text-editor\" data-id=\"0508340\" data-element_type=\"widget\" data-widget_type=\"text-editor.default\">\n\t\t\t\t<div class=\"elementor-widget-container\">\n\t\t\t<style>\/*! elementor - v3.11.4 - 12-03-2023 *\/\n.elementor-widget-text-editor.elementor-drop-cap-view-stacked .elementor-drop-cap{background-color:#818a91;color:#fff}.elementor-widget-text-editor.elementor-drop-cap-view-framed .elementor-drop-cap{color:#818a91;border:3px solid;background-color:transparent}.elementor-widget-text-editor:not(.elementor-drop-cap-view-default) .elementor-drop-cap{margin-top:8px}.elementor-widget-text-editor:not(.elementor-drop-cap-view-default) .elementor-drop-cap-letter{width:1em;height:1em}.elementor-widget-text-editor .elementor-drop-cap{float:left;text-align:center;line-height:1;font-size:50px}.elementor-widget-text-editor .elementor-drop-cap-letter{display:inline-block}<\/style>\t\t\t\t<p style=\"text-align: left;\"><strong>Sobre <em>Del mar y sus vestigios\u00a0<\/em>(2013)<\/strong><\/p><p style=\"text-align: justify;\">\u00abEl mar se configura en este libro como algo que va m\u00e1s all\u00e1 de un mero trasfondo po\u00e9tico (\u2026). El mar aparece constantemente interpelado por la voz po\u00e9tica: se revela como un mundo tan amplio como denso, portador de enigmas y secretos al que el poeta intenta pedir explicaciones e incluso arrancar respuestas para los numerosos interrogantes forjados en una adolescencia que, como las olas, fluye y refluye sin cesar\u00bb.<\/p><p style=\"text-align: right;\"><a href=\"https:\/\/www.cervantesvirtual.com\/obra\/segunda-epoca-num-14-otono-2013\/\">Mar\u00eda del Carmen Garc\u00eda Tejera<\/a>,\u00a0<em>Speculum<\/em>, n\u00ba 14, Oto\u00f1o 2013, p\u00e1gs. 38-39<\/p><p style=\"text-align: justify;\"><strong>Sobre <em>La mirada af\u00f3nica<\/em> (2016)<\/strong><\/p><p style=\"text-align: justify;\">\u00abEl discurso cr\u00edtico sobre la contemporaneidad, pertrechado de una iron\u00eda l\u00facida, con toques de vi\u00f1etista, aparece bien diluido entre sus versos libres (\u2026), incluso en aquellas partes m\u00e1s sugestivas. Se asemeja m\u00e1s a una forma de mirar, de afrontar su responsabilidad de decir algo al respecto. Dicho \u00e1nimo lapidario adquiere su mejor resultado en los \u00faltimos tres o cuatro versos de los poemas, pues el autor suele enfrascar su conclusi\u00f3n en tonos \u00e1speros y sombr\u00edos, como si el final respondiera a una variaci\u00f3n empozada y m\u00e1s desenga\u00f1ada del asunto. Un hachazo tras la melod\u00eda\u00bb.<\/p><p style=\"text-align: justify;\">\u00abCualquier lector o cr\u00edtico avezado en la poes\u00eda reciente habr\u00e1 advertido que Jorge Andreu supone una rara avis en el panorama nacional. En estos meses, con la etiqueta \u201cpoes\u00eda\u201d en boga como valor editorial, muchas contraportadas han hablado de autores accesibles, de clara voz, que dejan a su paso un reguero de apuntes agudos e interesantes para el lector perspicaz. Con La mirada af\u00f3nica hubieran acertado. Definitivamente Jorge Andreu <em>est un autre<\/em>\u00bb.<\/p><p style=\"text-align: right;\"><a href=\"http:\/\/www.asociacionaleph.com\/images\/CuadernosDeAleph\/2017\/14.pdf\">\u00c1lvaro L\u00f3pez Fern\u00e1ndez<\/a>, <em>Cuadernos de Aleph<\/em>, 2017, n\u00ba 9, p\u00e1gs. 230-235<\/p><p style=\"text-align: left;\"><strong>Sobre <em>Amor nos llora<\/em> (2018)<\/strong><\/p><p style=\"text-align: justify;\">\u00abLa poes\u00eda de Jorge Andreu, como la de otros muchos j\u00f3venes a los que tampoco va a ser f\u00e1cil hallar en la mayor\u00eda de las librer\u00edas patrias, se aleja del eslogan, de la rima f\u00e1cil, del efectismo ret\u00f3rico y de los versos sentimentaloides no aptos para diab\u00e9ticos. Su opci\u00f3n, o al menos la que se desprende de su poes\u00eda \u00faltima (\u2026), es la que se decanta por la plena conciencia del terreno que pisa, del g\u00e9nero en el que pretende desarrollar su literatura, que en su caso concreto se traduce en una acendrada b\u00fasqueda de la palabra necesaria y exacta, a la manera de Juan Ram\u00f3n Jim\u00e9nez\u00bb.<\/p><p style=\"text-align: right;\"><a href=\"https:\/\/www.criticoestado.es\/suena-una-musica\/\">Juan Carlos Sierra<\/a>, <em>Estado cr\u00edtico<\/em>, 20\/09\/2019<\/p><p>\u00a0<\/p>\t\t\t\t\t\t<\/div>\n\t\t\t\t<\/div>\n\t\t\t\t\t<\/div>\n\t\t<\/div>\n\t\t\t\t\t\t\t<\/div>\n\t\t<\/section>\n\t\t\t\t\t\t\t<\/div>\n\t\t","protected":false},"excerpt":{"rendered":"<p>La cr\u00edtica literaria ha dicho&#8230; Sobre Del mar y sus vestigios\u00a0(2013) \u00abEl mar se configura en este libro como algo que va m\u00e1s all\u00e1 de un mero trasfondo po\u00e9tico (\u2026). El mar aparece constantemente interpelado por la voz po\u00e9tica: se revela como un mundo tan amplio como denso, portador de enigmas y secretos al que [&hellip;]<\/p>\n","protected":false},"author":1,"featured_media":0,"parent":0,"menu_order":0,"comment_status":"closed","ping_status":"closed","template":"","meta":{"_mi_skip_tracking":false,"footnotes":""},"class_list":["post-69","page","type-page","status-publish","hentry"],"_links":{"self":[{"href":"https:\/\/jorgeandreu.net\/index.php?rest_route=\/wp\/v2\/pages\/69","targetHints":{"allow":["GET"]}}],"collection":[{"href":"https:\/\/jorgeandreu.net\/index.php?rest_route=\/wp\/v2\/pages"}],"about":[{"href":"https:\/\/jorgeandreu.net\/index.php?rest_route=\/wp\/v2\/types\/page"}],"author":[{"embeddable":true,"href":"https:\/\/jorgeandreu.net\/index.php?rest_route=\/wp\/v2\/users\/1"}],"replies":[{"embeddable":true,"href":"https:\/\/jorgeandreu.net\/index.php?rest_route=%2Fwp%2Fv2%2Fcomments&post=69"}],"version-history":[{"count":7,"href":"https:\/\/jorgeandreu.net\/index.php?rest_route=\/wp\/v2\/pages\/69\/revisions"}],"predecessor-version":[{"id":837,"href":"https:\/\/jorgeandreu.net\/index.php?rest_route=\/wp\/v2\/pages\/69\/revisions\/837"}],"wp:attachment":[{"href":"https:\/\/jorgeandreu.net\/index.php?rest_route=%2Fwp%2Fv2%2Fmedia&parent=69"}],"curies":[{"name":"wp","href":"https:\/\/api.w.org\/{rel}","templated":true}]}}