{"id":709,"date":"2023-03-15T17:52:38","date_gmt":"2023-03-15T17:52:38","guid":{"rendered":"https:\/\/jorgeandreu.net\/?page_id=709"},"modified":"2023-03-15T18:39:23","modified_gmt":"2023-03-15T18:39:23","slug":"100-versos-de-amor-2012-2","status":"publish","type":"page","link":"https:\/\/jorgeandreu.net\/?page_id=709","title":{"rendered":"100 versos de amor (2012)"},"content":{"rendered":"\t\t<div data-elementor-type=\"wp-page\" data-elementor-id=\"709\" class=\"elementor elementor-709\">\n\t\t\t\t\t\t\t\t\t<section class=\"elementor-section elementor-top-section elementor-element elementor-element-bb04183 elementor-section-boxed elementor-section-height-default elementor-section-height-default\" data-id=\"bb04183\" data-element_type=\"section\">\n\t\t\t\t\t\t<div class=\"elementor-container elementor-column-gap-default\">\n\t\t\t\t\t<div class=\"elementor-column elementor-col-100 elementor-top-column elementor-element elementor-element-6e287cd\" data-id=\"6e287cd\" data-element_type=\"column\">\n\t\t\t<div class=\"elementor-widget-wrap elementor-element-populated\">\n\t\t\t\t\t\t\t\t<div class=\"elementor-element elementor-element-37e8e90 elementor-widget elementor-widget-heading\" data-id=\"37e8e90\" data-element_type=\"widget\" data-widget_type=\"heading.default\">\n\t\t\t\t<div class=\"elementor-widget-container\">\n\t\t\t<style>\/*! elementor - v3.11.4 - 12-03-2023 *\/\n.elementor-heading-title{padding:0;margin:0;line-height:1}.elementor-widget-heading .elementor-heading-title[class*=elementor-size-]>a{color:inherit;font-size:inherit;line-height:inherit}.elementor-widget-heading .elementor-heading-title.elementor-size-small{font-size:15px}.elementor-widget-heading .elementor-heading-title.elementor-size-medium{font-size:19px}.elementor-widget-heading .elementor-heading-title.elementor-size-large{font-size:29px}.elementor-widget-heading .elementor-heading-title.elementor-size-xl{font-size:39px}.elementor-widget-heading .elementor-heading-title.elementor-size-xxl{font-size:59px}<\/style><h2 class=\"elementor-heading-title elementor-size-default\">100 versos de amor<\/h2>\t\t<\/div>\n\t\t\t\t<\/div>\n\t\t\t\t\t<\/div>\n\t\t<\/div>\n\t\t\t\t\t\t\t<\/div>\n\t\t<\/section>\n\t\t\t\t<section class=\"elementor-section elementor-top-section elementor-element elementor-element-4a0e92f elementor-section-boxed elementor-section-height-default elementor-section-height-default\" data-id=\"4a0e92f\" data-element_type=\"section\">\n\t\t\t\t\t\t<div class=\"elementor-container elementor-column-gap-default\">\n\t\t\t\t\t<div class=\"elementor-column elementor-col-100 elementor-top-column elementor-element elementor-element-50abbe3\" data-id=\"50abbe3\" data-element_type=\"column\">\n\t\t\t<div class=\"elementor-widget-wrap elementor-element-populated\">\n\t\t\t\t\t\t\t\t<div class=\"elementor-element elementor-element-e749d0c elementor-widget elementor-widget-text-editor\" data-id=\"e749d0c\" data-element_type=\"widget\" data-widget_type=\"text-editor.default\">\n\t\t\t\t<div class=\"elementor-widget-container\">\n\t\t\t<style>\/*! elementor - v3.11.4 - 12-03-2023 *\/\n.elementor-widget-text-editor.elementor-drop-cap-view-stacked .elementor-drop-cap{background-color:#818a91;color:#fff}.elementor-widget-text-editor.elementor-drop-cap-view-framed .elementor-drop-cap{color:#818a91;border:3px solid;background-color:transparent}.elementor-widget-text-editor:not(.elementor-drop-cap-view-default) .elementor-drop-cap{margin-top:8px}.elementor-widget-text-editor:not(.elementor-drop-cap-view-default) .elementor-drop-cap-letter{width:1em;height:1em}.elementor-widget-text-editor .elementor-drop-cap{float:left;text-align:center;line-height:1;font-size:50px}.elementor-widget-text-editor .elementor-drop-cap-letter{display:inline-block}<\/style>\t\t\t\t<p style=\"text-align: justify;\"><img loading=\"lazy\" decoding=\"async\" class=\"size-medium wp-image-450 alignright\" src=\"https:\/\/jorgeandreu.net\/wp-content\/uploads\/2023\/03\/EmbeddedImage-180x300.jpg\" alt=\"\" width=\"180\" height=\"300\" srcset=\"https:\/\/jorgeandreu.net\/wp-content\/uploads\/2023\/03\/EmbeddedImage-180x300.jpg 180w, https:\/\/jorgeandreu.net\/wp-content\/uploads\/2023\/03\/EmbeddedImage.jpg 473w\" sizes=\"auto, (max-width: 180px) 100vw, 180px\" \/><em>100 versos de amor<\/em> (2012) fue una plaquette de cinco poemas con la que Jorge Andreu gan\u00f3 el Primer Premio en la modalidad de Poes\u00eda del XXXVIII Certamen Literario \u00abMar\u00eda Agustina\u00bb, convocado por los institutos de educaci\u00f3n secundaria de Lorca (Murcia).\u00a0<\/p><p style=\"text-align: justify;\">Se trata de un diario amoroso compuesto por un total de cien versos en los que el poeta dedica palabras de pasi\u00f3n a su amada. La evoluci\u00f3n del sujeto po\u00e9tico pasa por tres etapas: desde la admiraci\u00f3n hasta la a\u00f1oranza, pasando por la efusividad del encuentro amoroso que se alza como n\u00facleo principal del texto. Escrito con un tono l\u00edrico apasionado, del que el jurado del concurso, presidido por el escritor Emilio Calder\u00f3n, destac\u00f3 durante el acto de entrega de premios la herencia tanto de Gustavo Adolfo B\u00e9cquer como de Pablo Neruda.<\/p><p style=\"text-align: justify;\">Considerado un poemario de iniciaci\u00f3n por el propio autor, <em>100 versos de amor<\/em> constituye las bases de su poes\u00eda posterior, ya que el tema amoroso est\u00e1 presente de una forma u otra en toda su obra po\u00e9tica.\u00a0<\/p><p style=\"text-align: justify;\">La obra fue publicada en una edici\u00f3n no venal que se imprimi\u00f3 para la gala de entrega de premios, y aunque luego form\u00f3 parte de un libro colectivo junto con otros premiados de a\u00f1os anteriores y posteriores, no existen ejemplares disponibles. Por eso se ofrece a continuaci\u00f3n el texto \u00edntegro.<\/p>\t\t\t\t\t\t<\/div>\n\t\t\t\t<\/div>\n\t\t\t\t\t<\/div>\n\t\t<\/div>\n\t\t\t\t\t\t\t<\/div>\n\t\t<\/section>\n\t\t\t\t<section class=\"elementor-section elementor-top-section elementor-element elementor-element-a1015be elementor-section-boxed elementor-section-height-default elementor-section-height-default\" data-id=\"a1015be\" data-element_type=\"section\">\n\t\t\t\t\t\t<div class=\"elementor-container elementor-column-gap-default\">\n\t\t\t\t\t<div class=\"elementor-column elementor-col-50 elementor-top-column elementor-element elementor-element-1b2673e\" data-id=\"1b2673e\" data-element_type=\"column\">\n\t\t\t<div class=\"elementor-widget-wrap elementor-element-populated\">\n\t\t\t\t\t\t\t\t<div class=\"elementor-element elementor-element-debed19 elementor-widget elementor-widget-text-editor\" data-id=\"debed19\" data-element_type=\"widget\" data-widget_type=\"text-editor.default\">\n\t\t\t\t<div class=\"elementor-widget-container\">\n\t\t\t\t\t\t\t<p style=\"text-align: center;\">I<\/p><p style=\"text-align: center;\">CUERPO DE CORCHEA<\/p><p style=\"text-align: left;\">Eres m\u00fasica cuando te desnudas <br \/>y suenas consonante cuando gimes. <br \/>Poes\u00eda es tu cadera cuando imprimes <br \/>los versos que mis manos dejan mudas.<\/p><p style=\"text-align: left;\">Tus poros son vainilla cuando sudas <br \/>paciencia, cuando el tiempo cruel exprimes.<br \/>Dos jueces son tus ojos si me eximes <br \/>de penas y nostalgias testarudas.<\/p><p style=\"text-align: left;\">Te miro, as\u00ed tendida en la maleza <br \/>de un lecho mientras pruebo mi destreza <br \/>en \u00e9xtasis bendito por tu sue\u00f1o.<\/p><p style=\"text-align: left;\">Y no puedo dejar de ser el mismo <br \/>que canta merodeando por tu abismo <br \/>en busca de un amor feliz e isle\u00f1o.<\/p><p style=\"text-align: center;\">II<\/p><p style=\"text-align: center;\">UN ENAMORADO FELICITA EN SILENCIO<\/p><p style=\"text-align: left;\">Quisiera, en este a\u00f1o que se ha abierto <br \/>como una flor de vida <br \/>ante tus ojos cansados <br \/>para darte m\u00e1s horas infinitas, <br \/>llenar tus dulces sue\u00f1os con susurros, <br \/>sentirme hombro mojado de tus penas <br \/>cuando tengan que salir a flote, <br \/>rociarte de poemas instant\u00e1neos <br \/>como \u00e9ste, como todos <br \/>reci\u00e9n nacidos de una chispa, <br \/>igual que salieron tus ojos aquella noche <br \/>abri\u00e9ndose camino entre tus rizos <br \/>para descansar en mi nariz <br \/>y oler mis ganas, <br \/>las ganas que ten\u00eda de quererte.<\/p><p style=\"text-align: left;\">Por eso quisiera, cari\u00f1o, convertir <br \/>\u2014\u00a1qu\u00e9 s\u00e9 yo!\u2014 una mano <br \/>en una ara\u00f1a oculta debajo de tu falda, <br \/>curioso animal juguet\u00f3n, <br \/>dispuesto siempre a picarte <br \/>con un aguij\u00f3n de papel.<\/p><p style=\"text-align: left;\">Por eso quisiera, mi amor, <br \/>dejar fluir las horas en silencio, <br \/>porque quien es capaz de amar callado <br \/>\u2014con una mirada, con una sonrisa\u2014 <br \/>comprende el mensaje secreto <br \/>de las palabras.<\/p><p style=\"text-align: left;\">Por eso te quiero prestar mi mitad <br \/>sin hablarte, <br \/>para que sepas, al menos, <br \/>las cosas que quiero decirte.<br \/>Por eso te quiero prestar la mitad de mi vida. <br \/>Para amarte.<\/p><p style=\"text-align: left;\">Por eso te escribo en silencio <br \/>y beso las hojas de esta t\u00edmida libreta, <br \/>que es parte de mi voz <br \/>y de tu nombre.<br \/>Ese nombre compuesto de dos, <br \/>como dos son las manos, los labios, <br \/>los ojos y nuestros dos cuerpos. <br \/>Como dos son las almas que gimen, <br \/>desnudas bajo el mismo sue\u00f1o, <br \/>sedientas de amor. <br \/>Como t\u00fa y como yo.<\/p><p style=\"text-align: left;\">As\u00ed quiero prestarte mi futuro: <br \/>cuidando de un par de almohadas <br \/>que sudan en silencio, extasiadas <br \/>de cumplir a\u00f1os.<\/p><p style=\"text-align: left;\">Tan vivas de amor <br \/>como nosotros.<\/p>\t\t\t\t\t\t<\/div>\n\t\t\t\t<\/div>\n\t\t\t\t\t<\/div>\n\t\t<\/div>\n\t\t\t\t<div class=\"elementor-column elementor-col-50 elementor-top-column elementor-element elementor-element-ada72b8\" data-id=\"ada72b8\" data-element_type=\"column\">\n\t\t\t<div class=\"elementor-widget-wrap elementor-element-populated\">\n\t\t\t\t\t\t\t\t<div class=\"elementor-element elementor-element-c4363ed elementor-widget elementor-widget-text-editor\" data-id=\"c4363ed\" data-element_type=\"widget\" data-widget_type=\"text-editor.default\">\n\t\t\t\t<div class=\"elementor-widget-container\">\n\t\t\t\t\t\t\t<p style=\"text-align: center;\">III<\/p><p style=\"text-align: center;\">HETERORRETRATO<\/p><p style=\"text-align: left;\">Corcheas, negras, fusas, calderones, <br \/>din\u00e1mica, metr\u00f3nomo: <br \/>as\u00ed eres cuando r\u00edes.<\/p><p style=\"text-align: left;\">Eres acorde de s\u00e9ptima si te agitas: <br \/>me tensas los m\u00fasculos <br \/>que esperan impacientes en mi cuello.<\/p><p style=\"text-align: left;\">Eres todo eso y eres m\u00e1s: <br \/>melod\u00eda temblorosa con vibrato. <br \/>Intervalo de fresas.<\/p><p style=\"text-align: left;\">Silencio, sobre todo.<\/p><p style=\"text-align: left;\">Cuando besas.<\/p><p style=\"text-align: center;\">IV<\/p><p style=\"text-align: center;\">AUTODIAGN\u00d3STICO<\/p><p style=\"text-align: left;\">Este temblor t\u00edmido en mis mejillas, <br \/>perdido entre l\u00e1grimas de indefinida ausencia;<br \/>estos ojos que nublan mi vista <br \/>sin poder decirte cu\u00e1nto saben <br \/>ni cu\u00e1nto son capaces de pensarte;<br \/>esta barbilla poblada de nostalgia, <br \/>deshecha en lamentos, <br \/>como si enfrente sintiera el crujido de nudillos rotos, <br \/>reci\u00e9n estallados de rabia; <br \/>esta garganta que gime en silencio, <br \/>ahogados sus quejidos en tu hombro, <br \/>que me recibe cansado, <br \/>con el calor de tu aliento esparcido en torno; <br \/>estas manos indecisas <br \/>que acarician tu piel con ternura <br \/>si me abrazas borrando mi angustia;<br \/>este pecho que brinca, tormenta de ansias, <br \/>en busca de un pobre consuelo:<\/p><p style=\"text-align: left;\">estos son los s\u00edntomas. Yo creo <br \/>que debo estar enfermo. Moribundo.<\/p><p style=\"text-align: left;\">Y llenas de ti mis entra\u00f1as, <br \/>no puedo dejar de llorar navegando en tu rumbo.<\/p><p style=\"text-align: center;\">V<\/p><p style=\"text-align: left;\">A\u00daN RECORRO SENDAS MELANC\u00d3LICAS <br \/>pensando en tu sonrisa <br \/>y en cu\u00e1ntos sue\u00f1os quedan para verte.<\/p>\t\t\t\t\t\t<\/div>\n\t\t\t\t<\/div>\n\t\t\t\t\t<\/div>\n\t\t<\/div>\n\t\t\t\t\t\t\t<\/div>\n\t\t<\/section>\n\t\t\t\t\t\t\t<\/div>\n\t\t","protected":false},"excerpt":{"rendered":"<p>100 versos de amor 100 versos de amor (2012) fue una plaquette de cinco poemas con la que Jorge Andreu gan\u00f3 el Primer Premio en la modalidad de Poes\u00eda del XXXVIII Certamen Literario \u00abMar\u00eda Agustina\u00bb, convocado por los institutos de educaci\u00f3n secundaria de Lorca (Murcia).\u00a0 Se trata de un diario amoroso compuesto por un total [&hellip;]<\/p>\n","protected":false},"author":1,"featured_media":0,"parent":0,"menu_order":0,"comment_status":"closed","ping_status":"closed","template":"","meta":{"_mi_skip_tracking":false,"footnotes":""},"class_list":["post-709","page","type-page","status-publish","hentry"],"_links":{"self":[{"href":"https:\/\/jorgeandreu.net\/index.php?rest_route=\/wp\/v2\/pages\/709","targetHints":{"allow":["GET"]}}],"collection":[{"href":"https:\/\/jorgeandreu.net\/index.php?rest_route=\/wp\/v2\/pages"}],"about":[{"href":"https:\/\/jorgeandreu.net\/index.php?rest_route=\/wp\/v2\/types\/page"}],"author":[{"embeddable":true,"href":"https:\/\/jorgeandreu.net\/index.php?rest_route=\/wp\/v2\/users\/1"}],"replies":[{"embeddable":true,"href":"https:\/\/jorgeandreu.net\/index.php?rest_route=%2Fwp%2Fv2%2Fcomments&post=709"}],"version-history":[{"count":19,"href":"https:\/\/jorgeandreu.net\/index.php?rest_route=\/wp\/v2\/pages\/709\/revisions"}],"predecessor-version":[{"id":777,"href":"https:\/\/jorgeandreu.net\/index.php?rest_route=\/wp\/v2\/pages\/709\/revisions\/777"}],"wp:attachment":[{"href":"https:\/\/jorgeandreu.net\/index.php?rest_route=%2Fwp%2Fv2%2Fmedia&parent=709"}],"curies":[{"name":"wp","href":"https:\/\/api.w.org\/{rel}","templated":true}]}}