{"id":730,"date":"2023-03-15T18:12:48","date_gmt":"2023-03-15T18:12:48","guid":{"rendered":"https:\/\/jorgeandreu.net\/?page_id=730"},"modified":"2023-03-17T10:47:57","modified_gmt":"2023-03-17T10:47:57","slug":"del-mar-y-sus-vestigios-2013-2","status":"publish","type":"page","link":"https:\/\/jorgeandreu.net\/?page_id=730","title":{"rendered":"Del mar y sus vestigios (2013)"},"content":{"rendered":"\t\t<div data-elementor-type=\"wp-page\" data-elementor-id=\"730\" class=\"elementor elementor-730\">\n\t\t\t\t\t\t\t\t\t<section class=\"elementor-section elementor-top-section elementor-element elementor-element-ecad60f elementor-section-boxed elementor-section-height-default elementor-section-height-default\" data-id=\"ecad60f\" data-element_type=\"section\">\n\t\t\t\t\t\t<div class=\"elementor-container elementor-column-gap-default\">\n\t\t\t\t\t<div class=\"elementor-column elementor-col-100 elementor-top-column elementor-element elementor-element-f33a48a\" data-id=\"f33a48a\" data-element_type=\"column\">\n\t\t\t<div class=\"elementor-widget-wrap elementor-element-populated\">\n\t\t\t\t\t\t\t\t<div class=\"elementor-element elementor-element-8b3bf7b elementor-widget elementor-widget-heading\" data-id=\"8b3bf7b\" data-element_type=\"widget\" data-widget_type=\"heading.default\">\n\t\t\t\t<div class=\"elementor-widget-container\">\n\t\t\t<style>\/*! elementor - v3.11.4 - 12-03-2023 *\/\n.elementor-heading-title{padding:0;margin:0;line-height:1}.elementor-widget-heading .elementor-heading-title[class*=elementor-size-]>a{color:inherit;font-size:inherit;line-height:inherit}.elementor-widget-heading .elementor-heading-title.elementor-size-small{font-size:15px}.elementor-widget-heading .elementor-heading-title.elementor-size-medium{font-size:19px}.elementor-widget-heading .elementor-heading-title.elementor-size-large{font-size:29px}.elementor-widget-heading .elementor-heading-title.elementor-size-xl{font-size:39px}.elementor-widget-heading .elementor-heading-title.elementor-size-xxl{font-size:59px}<\/style><h2 class=\"elementor-heading-title elementor-size-default\">Del mar y sus vestigios<\/h2>\t\t<\/div>\n\t\t\t\t<\/div>\n\t\t\t\t\t<\/div>\n\t\t<\/div>\n\t\t\t\t\t\t\t<\/div>\n\t\t<\/section>\n\t\t\t\t<section class=\"elementor-section elementor-top-section elementor-element elementor-element-73330e5 elementor-section-boxed elementor-section-height-default elementor-section-height-default\" data-id=\"73330e5\" data-element_type=\"section\">\n\t\t\t\t\t\t<div class=\"elementor-container elementor-column-gap-default\">\n\t\t\t\t\t<div class=\"elementor-column elementor-col-100 elementor-top-column elementor-element elementor-element-e621188\" data-id=\"e621188\" data-element_type=\"column\">\n\t\t\t<div class=\"elementor-widget-wrap elementor-element-populated\">\n\t\t\t\t\t\t\t\t<div class=\"elementor-element elementor-element-f1fe8bc elementor-widget elementor-widget-text-editor\" data-id=\"f1fe8bc\" data-element_type=\"widget\" data-widget_type=\"text-editor.default\">\n\t\t\t\t<div class=\"elementor-widget-container\">\n\t\t\t<style>\/*! elementor - v3.11.4 - 12-03-2023 *\/\n.elementor-widget-text-editor.elementor-drop-cap-view-stacked .elementor-drop-cap{background-color:#818a91;color:#fff}.elementor-widget-text-editor.elementor-drop-cap-view-framed .elementor-drop-cap{color:#818a91;border:3px solid;background-color:transparent}.elementor-widget-text-editor:not(.elementor-drop-cap-view-default) .elementor-drop-cap{margin-top:8px}.elementor-widget-text-editor:not(.elementor-drop-cap-view-default) .elementor-drop-cap-letter{width:1em;height:1em}.elementor-widget-text-editor .elementor-drop-cap{float:left;text-align:center;line-height:1;font-size:50px}.elementor-widget-text-editor .elementor-drop-cap-letter{display:inline-block}<\/style>\t\t\t\t<p style=\"text-align: justify;\"><a href=\"https:\/\/www.dipucadiz.es\/publicaciones\/catalogo\/Del-mar-y-sus-vestigios\"><img loading=\"lazy\" decoding=\"async\" class=\"size-medium wp-image-116 alignright\" src=\"https:\/\/jorgeandreu.net\/wp-content\/uploads\/2023\/03\/Delmarysusvestigios-192x300.jpg\" alt=\"Editorial: Diputaci\u00f3n de C\u00e1diz. Colecci\u00f3n Alumbre. Fecha de publicaci\u00f3n: abril de 2013\" width=\"192\" height=\"300\" srcset=\"https:\/\/jorgeandreu.net\/wp-content\/uploads\/2023\/03\/Delmarysusvestigios-192x300.jpg 192w, https:\/\/jorgeandreu.net\/wp-content\/uploads\/2023\/03\/Delmarysusvestigios.jpg 355w\" sizes=\"auto, (max-width: 192px) 100vw, 192px\" \/><\/a>La adolescencia es una etapa cr\u00edtica para la vida del futuro adulto. Con la vista fija en ese momento, Jorge Andreu propone en <em>Del mar y sus vestigios<\/em> (2013) una lectura en cuatro eslabones -vestigios- que representan momentos de la vida del adolescente que fue \u00e9l mismo.<\/p><p style=\"text-align: justify;\">La estructura musical del libro se abre con un soneto p\u00f3rtico para luego dar cabida a cuatro episodios en los que se alterna el verso libre con las formas cl\u00e1sicas en una disposici\u00f3n de anillo que hace evolucionar cada tema a lo largo del episodio, cerrado con un soneto conclusivo. Tras los cuatro vestigios, como olas que rompen en la orilla, el lector llega a una situaci\u00f3n de sosiego final con la declaraci\u00f3n \u00faltima del sujeto po\u00e9tico.<\/p>\t\t\t\t\t\t<\/div>\n\t\t\t\t<\/div>\n\t\t\t\t\t<\/div>\n\t\t<\/div>\n\t\t\t\t\t\t\t<\/div>\n\t\t<\/section>\n\t\t\t\t<section class=\"elementor-section elementor-top-section elementor-element elementor-element-6be340c elementor-section-boxed elementor-section-height-default elementor-section-height-default\" data-id=\"6be340c\" data-element_type=\"section\">\n\t\t\t\t\t\t<div class=\"elementor-container elementor-column-gap-default\">\n\t\t\t\t\t<div class=\"elementor-column elementor-col-100 elementor-top-column elementor-element elementor-element-6fbc2f2\" data-id=\"6fbc2f2\" data-element_type=\"column\">\n\t\t\t<div class=\"elementor-widget-wrap elementor-element-populated\">\n\t\t\t\t\t\t\t\t<div class=\"elementor-element elementor-element-730eca5 elementor-widget elementor-widget-text-editor\" data-id=\"730eca5\" data-element_type=\"widget\" data-widget_type=\"text-editor.default\">\n\t\t\t\t<div class=\"elementor-widget-container\">\n\t\t\t\t\t\t\t<p style=\"text-align: justify;\">Si quieres adquirir este libro y no lo encuentras en librer\u00edas, escribe un email a <strong>contacto@jorgeandreu.net<\/strong> indicando tu nombre y direcci\u00f3n. \u00a1Te lo enviaremos a domicilio con dedicatoria del autor!<\/p>\t\t\t\t\t\t<\/div>\n\t\t\t\t<\/div>\n\t\t\t\t\t<\/div>\n\t\t<\/div>\n\t\t\t\t\t\t\t<\/div>\n\t\t<\/section>\n\t\t\t\t<section class=\"elementor-section elementor-top-section elementor-element elementor-element-8f43efd elementor-section-boxed elementor-section-height-default elementor-section-height-default\" data-id=\"8f43efd\" data-element_type=\"section\">\n\t\t\t\t\t\t<div class=\"elementor-container elementor-column-gap-default\">\n\t\t\t\t\t<div class=\"elementor-column elementor-col-50 elementor-top-column elementor-element elementor-element-6386d0b\" data-id=\"6386d0b\" data-element_type=\"column\">\n\t\t\t<div class=\"elementor-widget-wrap elementor-element-populated\">\n\t\t\t\t\t\t\t\t<div class=\"elementor-element elementor-element-9b9044a elementor-widget elementor-widget-text-editor\" data-id=\"9b9044a\" data-element_type=\"widget\" data-widget_type=\"text-editor.default\">\n\t\t\t\t<div class=\"elementor-widget-container\">\n\t\t\t\t\t\t\t<p style=\"text-align: center;\"><strong>EL MAR<\/strong><\/p><p style=\"text-align: left;\">Del manto azul, corona de este mundo,<br \/>donde se esconde el rey de la belleza<br \/>como un ni\u00f1o en su infinita grandeza,<br \/>en busca del sosiego m\u00e1s profundo;<\/p><p style=\"text-align: left;\">del vasto espejo donde en un segundo<br \/>la vida de los \u00e1ngeles empieza<br \/>para romperse en olas la corteza<br \/>muy pronto de su pecho moribundo:<\/p><p style=\"text-align: left;\">me tiende el horizonte un dulce beso<br \/>y la sonrisa de una fiel amante<br \/>que me abre el alma entera con su llave.<\/p><p style=\"text-align: left;\">Vivir en las palabras el exceso,<br \/>revuelto en los vestigios de un instante:<br \/>eso es el mar, quien lo prob\u00f3, lo sabe.<\/p><p>\u00a0<\/p><p style=\"text-align: center;\"><strong>EL BESO<\/strong><\/p><p style=\"text-align: left;\">Tus ojos son un b\u00e1lsamo de plata, <br \/>tan grises, tan serenos, tan lejanos;<br \/>tu frente se desliza entre mis manos, <br \/>tan p\u00e1lida, tan tierna, tan pacata;<\/p><p style=\"text-align: left;\">tus dientes chirriando una sonata <br \/>tan l\u00edrica y sutil, tan soberanos;<br \/>ma\u00falla esa sonrisa en tonos llanos, <br \/>tan p\u00edcara y feroz como una gata.<\/p><p style=\"text-align: left;\">Por ese mapa mudo del deseo<br \/>camino entre monta\u00f1as y llanura<br \/>con una sed de ti que me disloca.<\/p><p style=\"text-align: left;\">Al fondo est\u00e1s del mundo, all\u00ed te veo:<br \/>avanzo sin perder la compostura<br \/>y llego lentamente hasta tu boca.<\/p><p>\u00a0<\/p><p style=\"text-align: center;\"><strong>[Mirar bajo las faldas de la aurora&#8230;]<\/strong><\/p><p style=\"text-align: left;\">MIRAR BAJO LAS FALDAS DE LA AURORA<br \/>con la sonrisa turbia.<br \/>As\u00ed era nuestro af\u00e1n.<\/p><p style=\"text-align: left;\">La vida se esfumaba entre las manos<br \/>cuando estudi\u00e1bamos la geograf\u00eda<br \/>nocturna de los cuerpos.<br \/>Brotaba espuma de nuestra garganta<br \/>porque rebos\u00e1bamos de deseo,<br \/>como perros rabiosos detr\u00e1s de una certeza<\/p><p style=\"text-align: left;\">Tan s\u00f3lo comprendimos<br \/>que la aurora restalla m\u00e1s intensa<br \/>cuando, en la niebla, el tacto<br \/>supera los contornos de la carne<br \/>y acaricia la m\u00fasica.<\/p><p style=\"text-align: left;\">Escuchamos el lenguaje del tiempo<br \/>y logramos pellizcar sus pezones<br \/>de nostalgia.<\/p><p style=\"text-align: left;\">Suave, muy suavemente.<\/p><p>\u00a0<\/p><p style=\"text-align: center;\"><strong>[Tuvimos fe en las horas solitarias&#8230;]<\/strong><\/p><p style=\"text-align: left;\">TUVIMOS FE EN LAS HORAS SOLITARIAS<br \/>de arenas que volaban bajo el cielo.<\/p><p style=\"text-align: left;\">El color de las olas al morir en la orilla<br \/>dejaba s\u00f3lo el rastro de una verdad sin l\u00edmites <br \/>como los ojos turbios de un alma atormentada.<\/p><p style=\"text-align: left;\">Nos enfadaba tanto que el mundo no entendiera<br \/>la tristeza que un d\u00eda sintieron otros hombres.<br \/>Eran las tardes todas dolores sin descanso.<\/p><p style=\"text-align: left;\">Bebimos de esa pena tantos a\u00f1os.<br \/>Un d\u00eda el mar nos empuj\u00f3 a crecer.<\/p>\t\t\t\t\t\t<\/div>\n\t\t\t\t<\/div>\n\t\t\t\t\t<\/div>\n\t\t<\/div>\n\t\t\t\t<div class=\"elementor-column elementor-col-50 elementor-top-column elementor-element elementor-element-90bb9ab\" data-id=\"90bb9ab\" data-element_type=\"column\">\n\t\t\t<div class=\"elementor-widget-wrap elementor-element-populated\">\n\t\t\t\t\t\t\t\t<div class=\"elementor-element elementor-element-914f194 elementor-widget elementor-widget-text-editor\" data-id=\"914f194\" data-element_type=\"widget\" data-widget_type=\"text-editor.default\">\n\t\t\t\t<div class=\"elementor-widget-container\">\n\t\t\t\t\t\t\t<p style=\"text-align: center;\"><strong>L\u00c1GRIMAS DEL CIELO<\/strong><\/p><p style=\"text-align: right;\"><em>&#8230;y era llorar tu \u00fanico destino.<\/em><\/p><p style=\"text-align: right;\">JOS\u00c9 DE ESPRONCEDA<\/p><p style=\"text-align: left;\">Si pronunciase tu nombre, <br \/>\u00bfvendr\u00edas desde el cielo a rescatarme?<\/p><p style=\"text-align: left;\">\u00bfAtender\u00edas tal vez mi llamada<br \/>desde esa casa tuya<br \/>en un pa\u00eds tan infinito, de cuya visita nadie regresa?<br \/>\u00bfVendr\u00edas a mirarme con tus ojos<br \/>que acaso no me reconocer\u00edan?<br \/>\u00bfVendr\u00edas a tocarme<br \/>con esas manos tan desalentadas<br \/>de haberme despedido antes de tiempo?<\/p><p style=\"text-align: left;\">Si pronunciase tu nombre&#8230;<br \/>Pero tengo que ser fuerte y resistir.<\/p><p style=\"text-align: left;\">Si tuviese tu olvido<br \/>disperso por las palmas de mis manos<br \/>y pudiera atrapar cada palabra,<br \/>aquellas que en el tiempo se perdieron<br \/>como una gota de amor en la arena.<br \/>Si tuviese tu voz<br \/>a\u00fan presente bajo mis latidos<br \/>y haci\u00e9ndote re\u00edr tal vez pudiera<br \/>acariciarte el alma desde dentro.<br \/>Si tuviese tus piernas, <br \/>donde apoyarme pudiera de noche<br \/>al ritmo de las olas de la infancia.<br \/>Si tuviese tus ojos en los m\u00edos<br \/>y ya no te envolvieran las tinieblas.<br \/>Si tuviese tus manos.<\/p><p style=\"text-align: left;\">Tu nombre se me escapa<br \/>del hueco que dejaste en mi sonrisa.<br \/>C\u00f3mo vibran las venas <br \/>de esta garganta que te busca<br \/>sin saber ad\u00f3nde fuiste.<\/p><p style=\"text-align: left;\">&#8230;Pero tengo que ser fuerte. Y resistir.<br \/>Y esperar en esta playa de tu ausencia<br \/>que vengas a buscarme.<br \/>En esta casa gris, tan lejos de la tuya.<\/p><p>\u00a0<\/p><p style=\"text-align: center;\"><strong>[Si alguna vez dejara de pensarte&#8230;]<\/strong><\/p><p style=\"text-align: right;\"><em>Naces conmigo y si mi voz te nombra<\/em><br \/><em>ya tu ni\u00f1ez coincide con la m\u00eda.<\/em><\/p><p style=\"text-align: right;\">LUIS ROSALES<\/p><p style=\"text-align: left;\">SI ALGUNA VEZ DEJARA DE PENSARTE,<br \/>tan viva en mi memoria, tan perfecta<br \/>bajo el mar infinito que conecta<br \/>mis pies con la profundidad del arte;<\/p><p style=\"text-align: left;\">si derribara el viento parte a parte<br \/>la magia de tus olas, donde inyecta<br \/>de m\u00fasica mi fruta predilecta,<br \/>\u00bfc\u00f3mo arrojar mi voz para nombrarte?<\/p><p style=\"text-align: left;\">Con tu nombre renace cada tarde<br \/>mi coraz\u00f3n deshecho entre tus aguas<br \/>por un temor que soportar no puedo.<\/p><p style=\"text-align: left;\">Mi memoria es papel y mientras arde<br \/>te consumes en el calor que fraguas<br \/>y vuelves a surgir del mismo miedo.<\/p>\t\t\t\t\t\t<\/div>\n\t\t\t\t<\/div>\n\t\t\t\t\t<\/div>\n\t\t<\/div>\n\t\t\t\t\t\t\t<\/div>\n\t\t<\/section>\n\t\t\t\t\t\t\t<\/div>\n\t\t","protected":false},"excerpt":{"rendered":"<p>Del mar y sus vestigios La adolescencia es una etapa cr\u00edtica para la vida del futuro adulto. Con la vista fija en ese momento, Jorge Andreu propone en Del mar y sus vestigios (2013) una lectura en cuatro eslabones -vestigios- que representan momentos de la vida del adolescente que fue \u00e9l mismo. La estructura musical [&hellip;]<\/p>\n","protected":false},"author":1,"featured_media":0,"parent":0,"menu_order":0,"comment_status":"closed","ping_status":"closed","template":"","meta":{"_mi_skip_tracking":false,"footnotes":""},"class_list":["post-730","page","type-page","status-publish","hentry"],"_links":{"self":[{"href":"https:\/\/jorgeandreu.net\/index.php?rest_route=\/wp\/v2\/pages\/730","targetHints":{"allow":["GET"]}}],"collection":[{"href":"https:\/\/jorgeandreu.net\/index.php?rest_route=\/wp\/v2\/pages"}],"about":[{"href":"https:\/\/jorgeandreu.net\/index.php?rest_route=\/wp\/v2\/types\/page"}],"author":[{"embeddable":true,"href":"https:\/\/jorgeandreu.net\/index.php?rest_route=\/wp\/v2\/users\/1"}],"replies":[{"embeddable":true,"href":"https:\/\/jorgeandreu.net\/index.php?rest_route=%2Fwp%2Fv2%2Fcomments&post=730"}],"version-history":[{"count":22,"href":"https:\/\/jorgeandreu.net\/index.php?rest_route=\/wp\/v2\/pages\/730\/revisions"}],"predecessor-version":[{"id":796,"href":"https:\/\/jorgeandreu.net\/index.php?rest_route=\/wp\/v2\/pages\/730\/revisions\/796"}],"wp:attachment":[{"href":"https:\/\/jorgeandreu.net\/index.php?rest_route=%2Fwp%2Fv2%2Fmedia&parent=730"}],"curies":[{"name":"wp","href":"https:\/\/api.w.org\/{rel}","templated":true}]}}