{"id":838,"date":"2023-03-19T22:13:42","date_gmt":"2023-03-19T22:13:42","guid":{"rendered":"https:\/\/jorgeandreu.net\/?page_id=838"},"modified":"2023-03-19T22:33:39","modified_gmt":"2023-03-19T22:33:39","slug":"servicios","status":"publish","type":"page","link":"https:\/\/jorgeandreu.net\/?page_id=838","title":{"rendered":"Servicios"},"content":{"rendered":"\t\t<div data-elementor-type=\"wp-page\" data-elementor-id=\"838\" class=\"elementor elementor-838\">\n\t\t\t\t\t\t\t\t\t<section class=\"elementor-section elementor-top-section elementor-element elementor-element-375a5b9 elementor-section-boxed elementor-section-height-default elementor-section-height-default\" data-id=\"375a5b9\" data-element_type=\"section\">\n\t\t\t\t\t\t<div class=\"elementor-container elementor-column-gap-default\">\n\t\t\t\t\t<div class=\"elementor-column elementor-col-100 elementor-top-column elementor-element elementor-element-38d8cc0\" data-id=\"38d8cc0\" data-element_type=\"column\">\n\t\t\t<div class=\"elementor-widget-wrap elementor-element-populated\">\n\t\t\t\t\t\t\t\t<div class=\"elementor-element elementor-element-6356857 elementor-widget elementor-widget-text-editor\" data-id=\"6356857\" data-element_type=\"widget\" data-widget_type=\"text-editor.default\">\n\t\t\t\t<div class=\"elementor-widget-container\">\n\t\t\t<style>\/*! elementor - v3.11.4 - 12-03-2023 *\/\n.elementor-widget-text-editor.elementor-drop-cap-view-stacked .elementor-drop-cap{background-color:#818a91;color:#fff}.elementor-widget-text-editor.elementor-drop-cap-view-framed .elementor-drop-cap{color:#818a91;border:3px solid;background-color:transparent}.elementor-widget-text-editor:not(.elementor-drop-cap-view-default) .elementor-drop-cap{margin-top:8px}.elementor-widget-text-editor:not(.elementor-drop-cap-view-default) .elementor-drop-cap-letter{width:1em;height:1em}.elementor-widget-text-editor .elementor-drop-cap{float:left;text-align:center;line-height:1;font-size:50px}.elementor-widget-text-editor .elementor-drop-cap-letter{display:inline-block}<\/style>\t\t\t\t<p style=\"text-align: left;\"><strong>Charlas y conferencias:<\/strong><\/p><ul><li style=\"text-align: justify;\"><strong><em>Describir la vida, descubrir la literatura<\/em><\/strong>. Primera experiencia literaria.<\/li><\/ul><p style=\"padding-left: 40px; text-align: justify;\">Taller de iniciaci\u00f3n a la literatura para Educaci\u00f3n Secundaria Obligatoria. Saca todo el partido a los textos literarios y aprende\u00a0 a describir la vida a partir de tus lecturas. Todos llevamos dentro un punto de vista especial, es hora de sacarlo a relucir.<\/p><ul><li><strong><em>Taller de escritura creativa: poes\u00eda<\/em><\/strong>.<\/li><\/ul><p style=\"padding-left: 40px; text-align: justify;\">Taller de creaci\u00f3n literaria centrado en el g\u00e9nero l\u00edrico para alumnos\/as de Educaci\u00f3n Secundaria Obligatoria y Bachillerato. Aprende los mecanismos internos del poema, aprende a dar forma po\u00e9tica a tus emociones. Canta tu propia versi\u00f3n del mundo utilizando tu propio lenguaje.<\/p><p style=\"padding-left: 40px; text-align: justify;\">*Disponible tambi\u00e9n para p\u00fablico adulto.<\/p><ul><li><em><strong>Taller de escritura creativa: relato<\/strong><\/em>.<\/li><\/ul><p style=\"padding-left: 40px; text-align: justify;\">Taller de creaci\u00f3n literaria centrado en el g\u00e9nero narrativo breve para alumnos\/as de Educaci\u00f3n Secundaria Obligatoria y Bachillerato. Aprende los procedimientos para escribir un buen relato, saca partido de una chispa que se convierta en una historia breve y lleve a los lectores a un final inquietante.<\/p><p style=\"padding-left: 40px; text-align: left;\">*Disponible tambi\u00e9n para p\u00fablico adulto.<\/p><ul><li style=\"text-align: justify;\"><strong><em>El di\u00e1logo de la literatura con otras artes<\/em><\/strong>.\u00a0<\/li><\/ul><p style=\"padding-left: 40px; text-align: justify;\">\u00bfQu\u00e9 tienen en com\u00fan la poes\u00eda y la m\u00fasica? \u00bfLa narrativa y el cine? \u00bfLa literatura y la pintura? \u00bfLos libros y los videojuegos? La necesidad de contar historias y conmovernos con las palabras nos identifica como seres humanos. Encuentra la manera de relacionar las artes para entender la obra como un todo org\u00e1nico.<\/p><p style=\"padding-left: 40px; text-align: justify;\">Charla-taller dirigida a alumnos\/as de Educaci\u00f3n Secundaria Obligatoria y Bachillerato.<\/p><p style=\"padding-left: 40px; text-align: justify;\">*Taller te\u00f3rico-pr\u00e1ctico basado en los intereses del p\u00fablico lector, cin\u00e9filo, mel\u00f3mano o gamer.<\/p><p style=\"text-align: left;\"><strong>Textos literarios:<\/strong><\/p><ul><li style=\"text-align: justify;\"><strong>Redacci\u00f3n de pr\u00f3logos o ep\u00edlogos para obras literarias.<\/strong><\/li><li style=\"text-align: justify;\"><strong>Lectura cr\u00edtica y rese\u00f1a de un libro publicado.<\/strong><\/li><li style=\"text-align: justify;\"><strong>Colaboraciones para obras colectivas.<\/strong><\/li><\/ul><p style=\"text-align: justify;\">Si necesitas cualquiera de estos servicios, escr\u00edbenos a <strong>contacto@jorgeandreu.net<\/strong> y pide informaci\u00f3n sin compromiso.<\/p>\t\t\t\t\t\t<\/div>\n\t\t\t\t<\/div>\n\t\t\t\t\t<\/div>\n\t\t<\/div>\n\t\t\t\t\t\t\t<\/div>\n\t\t<\/section>\n\t\t\t\t\t\t\t<\/div>\n\t\t","protected":false},"excerpt":{"rendered":"<p>Charlas y conferencias: Describir la vida, descubrir la literatura. Primera experiencia literaria. Taller de iniciaci\u00f3n a la literatura para Educaci\u00f3n Secundaria Obligatoria. Saca todo el partido a los textos literarios y aprende\u00a0 a describir la vida a partir de tus lecturas. Todos llevamos dentro un punto de vista especial, es hora de sacarlo a relucir. [&hellip;]<\/p>\n","protected":false},"author":1,"featured_media":0,"parent":0,"menu_order":0,"comment_status":"closed","ping_status":"closed","template":"","meta":{"_mi_skip_tracking":false,"footnotes":""},"class_list":["post-838","page","type-page","status-publish","hentry"],"_links":{"self":[{"href":"https:\/\/jorgeandreu.net\/index.php?rest_route=\/wp\/v2\/pages\/838","targetHints":{"allow":["GET"]}}],"collection":[{"href":"https:\/\/jorgeandreu.net\/index.php?rest_route=\/wp\/v2\/pages"}],"about":[{"href":"https:\/\/jorgeandreu.net\/index.php?rest_route=\/wp\/v2\/types\/page"}],"author":[{"embeddable":true,"href":"https:\/\/jorgeandreu.net\/index.php?rest_route=\/wp\/v2\/users\/1"}],"replies":[{"embeddable":true,"href":"https:\/\/jorgeandreu.net\/index.php?rest_route=%2Fwp%2Fv2%2Fcomments&post=838"}],"version-history":[{"count":13,"href":"https:\/\/jorgeandreu.net\/index.php?rest_route=\/wp\/v2\/pages\/838\/revisions"}],"predecessor-version":[{"id":859,"href":"https:\/\/jorgeandreu.net\/index.php?rest_route=\/wp\/v2\/pages\/838\/revisions\/859"}],"wp:attachment":[{"href":"https:\/\/jorgeandreu.net\/index.php?rest_route=%2Fwp%2Fv2%2Fmedia&parent=838"}],"curies":[{"name":"wp","href":"https:\/\/api.w.org\/{rel}","templated":true}]}}